{"id":13318,"date":"2021-03-16T09:54:06","date_gmt":"2021-03-16T08:54:06","guid":{"rendered":"https:\/\/mobilites-loire-authion.fr\/?page_id=13318"},"modified":"2021-06-14T14:23:41","modified_gmt":"2021-06-14T12:23:41","slug":"17-avril-table-ronde-avec-les-elus","status":"publish","type":"page","link":"https:\/\/mobilites-loire-authion.fr\/index.php\/17-avril-table-ronde-avec-les-elus\/","title":{"rendered":"17 avril \/\/ R\u00e9union de travail entre \u00e9lus"},"content":{"rendered":"\t\t<div data-elementor-type=\"wp-page\" data-elementor-id=\"13318\" class=\"elementor elementor-13318\">\n\t\t\t\t\t\t\t\t\t<section class=\"elementor-section elementor-top-section elementor-element elementor-element-4ca43d2 elementor-section-boxed elementor-section-height-default elementor-section-height-default\" data-id=\"4ca43d2\" data-element_type=\"section\">\n\t\t\t\t\t\t<div class=\"elementor-container elementor-column-gap-default\">\n\t\t\t\t\t<div class=\"elementor-column elementor-col-100 elementor-top-column elementor-element elementor-element-f2e1ff7\" data-id=\"f2e1ff7\" data-element_type=\"column\">\n\t\t\t<div class=\"elementor-widget-wrap elementor-element-populated\">\n\t\t\t\t\t\t\t\t<div class=\"elementor-element elementor-element-697f401 elementor-widget elementor-widget-heading\" data-id=\"697f401\" data-element_type=\"widget\" data-widget_type=\"heading.default\">\n\t\t\t\t<div class=\"elementor-widget-container\">\n\t\t\t<h2 class=\"elementor-heading-title elementor-size-default\">Angers Loire M\u00e9tropole, le point sur les mobilit\u00e9s<\/h2>\t\t<\/div>\n\t\t\t\t<\/div>\n\t\t\t\t<div class=\"elementor-element elementor-element-508f427 elementor-widget elementor-widget-spacer\" data-id=\"508f427\" data-element_type=\"widget\" data-widget_type=\"spacer.default\">\n\t\t\t\t<div class=\"elementor-widget-container\">\n\t\t\t\t\t<div class=\"elementor-spacer\">\n\t\t\t<div class=\"elementor-spacer-inner\"><\/div>\n\t\t<\/div>\n\t\t\t\t<\/div>\n\t\t\t\t<\/div>\n\t\t\t\t<div class=\"elementor-element elementor-element-d91cb87 elementor-widget elementor-widget-spacer\" data-id=\"d91cb87\" data-element_type=\"widget\" data-widget_type=\"spacer.default\">\n\t\t\t\t<div class=\"elementor-widget-container\">\n\t\t\t\t\t<div class=\"elementor-spacer\">\n\t\t\t<div class=\"elementor-spacer-inner\"><\/div>\n\t\t<\/div>\n\t\t\t\t<\/div>\n\t\t\t\t<\/div>\n\t\t\t\t\t<\/div>\n\t\t<\/div>\n\t\t\t\t\t\t\t<\/div>\n\t\t<\/section>\n\t\t\t\t<section class=\"elementor-section elementor-top-section elementor-element elementor-element-ca450c9 elementor-section-boxed elementor-section-height-default elementor-section-height-default\" data-id=\"ca450c9\" data-element_type=\"section\">\n\t\t\t\t\t\t<div class=\"elementor-container elementor-column-gap-default\">\n\t\t\t\t\t<div class=\"elementor-column elementor-col-100 elementor-top-column elementor-element elementor-element-2fdb608\" data-id=\"2fdb608\" data-element_type=\"column\">\n\t\t\t<div class=\"elementor-widget-wrap elementor-element-populated\">\n\t\t\t\t\t\t\t\t<section class=\"elementor-section elementor-inner-section elementor-element elementor-element-f4b4cff elementor-section-boxed elementor-section-height-default elementor-section-height-default\" data-id=\"f4b4cff\" data-element_type=\"section\">\n\t\t\t\t\t\t<div class=\"elementor-container elementor-column-gap-default\">\n\t\t\t\t\t<div class=\"elementor-column elementor-col-50 elementor-inner-column elementor-element elementor-element-86243f0\" data-id=\"86243f0\" data-element_type=\"column\">\n\t\t\t<div class=\"elementor-widget-wrap elementor-element-populated\">\n\t\t\t\t\t\t\t\t<div class=\"elementor-element elementor-element-8f5ad1e elementor-widget elementor-widget-text-editor\" data-id=\"8f5ad1e\" data-element_type=\"widget\" data-widget_type=\"text-editor.default\">\n\t\t\t\t<div class=\"elementor-widget-container\">\n\t\t\t\t\t\t\t<p>R\u00e9union de travail entre \u00e9lus de l&#8217;agglom\u00e9ration pour faire le point sur l&#8217;\u00e9tat actuel des mobilit\u00e9s sur le territoire angevin, le maillage des transports, les connexions et interd\u00e9pendances.<\/p><p>Il s\u2019agissait de pr\u00e9senter un diagnostic mobilit\u00e9 \u00e0 l\u2019\u00e9chelle d\u2019Angers Loire M\u00e9tropole et pointer les enjeux politiques sur ce sujet pour Loire-Authion (enjeux du maillage des mobilit\u00e9s et des connexions entre la ville, Saint-Barth\u00e9l\u00e9my-d\u2019Anjou, Tr\u00e9laz\u00e9 et Loire-Authion notamment).<\/p>\t\t\t\t\t\t<\/div>\n\t\t\t\t<\/div>\n\t\t\t\t\t<\/div>\n\t\t<\/div>\n\t\t\t\t<div class=\"elementor-column elementor-col-50 elementor-inner-column elementor-element elementor-element-a7398eb\" data-id=\"a7398eb\" data-element_type=\"column\">\n\t\t\t<div class=\"elementor-widget-wrap elementor-element-populated\">\n\t\t\t\t\t\t\t\t<div class=\"elementor-element elementor-element-9bc20c9 elementor-widget elementor-widget-image\" data-id=\"9bc20c9\" data-element_type=\"widget\" data-widget_type=\"image.default\">\n\t\t\t\t<div class=\"elementor-widget-container\">\n\t\t\t\t\t\t\t\t\t\t\t\t\t\t\t<img width=\"640\" height=\"480\" src=\"https:\/\/mobilites-loire-authion.fr\/wp-content\/uploads\/2021\/06\/17avril1.jpg\" class=\"attachment-large size-large\" alt=\"17avril1\" loading=\"lazy\" srcset=\"https:\/\/mobilites-loire-authion.fr\/wp-content\/uploads\/2021\/06\/17avril1.jpg 960w, https:\/\/mobilites-loire-authion.fr\/wp-content\/uploads\/2021\/06\/17avril1-300x225.jpg 300w, https:\/\/mobilites-loire-authion.fr\/wp-content\/uploads\/2021\/06\/17avril1-768x576.jpg 768w\" sizes=\"(max-width: 640px) 100vw, 640px\" \/>\t\t\t\t\t\t\t\t\t\t\t\t\t\t\t<\/div>\n\t\t\t\t<\/div>\n\t\t\t\t\t<\/div>\n\t\t<\/div>\n\t\t\t\t\t\t\t<\/div>\n\t\t<\/section>\n\t\t\t\t\t<\/div>\n\t\t<\/div>\n\t\t\t\t\t\t\t<\/div>\n\t\t<\/section>\n\t\t\t\t<section class=\"elementor-section elementor-top-section elementor-element elementor-element-149f89b elementor-section-boxed elementor-section-height-default elementor-section-height-default\" data-id=\"149f89b\" data-element_type=\"section\">\n\t\t\t\t\t\t<div class=\"elementor-container elementor-column-gap-default\">\n\t\t\t\t\t<div class=\"elementor-column elementor-col-100 elementor-top-column elementor-element elementor-element-1657d17\" data-id=\"1657d17\" data-element_type=\"column\">\n\t\t\t<div class=\"elementor-widget-wrap elementor-element-populated\">\n\t\t\t\t\t\t\t\t<div class=\"elementor-element elementor-element-1da8bd6 elementor-widget elementor-widget-spacer\" data-id=\"1da8bd6\" data-element_type=\"widget\" data-widget_type=\"spacer.default\">\n\t\t\t\t<div class=\"elementor-widget-container\">\n\t\t\t\t\t<div class=\"elementor-spacer\">\n\t\t\t<div class=\"elementor-spacer-inner\"><\/div>\n\t\t<\/div>\n\t\t\t\t<\/div>\n\t\t\t\t<\/div>\n\t\t\t\t<div class=\"elementor-element elementor-element-574f34b elementor-widget elementor-widget-heading\" data-id=\"574f34b\" data-element_type=\"widget\" data-widget_type=\"heading.default\">\n\t\t\t\t<div class=\"elementor-widget-container\">\n\t\t\t<h2 class=\"elementor-heading-title elementor-size-large\">Je souhaite recevoir des informations<\/h2>\t\t<\/div>\n\t\t\t\t<\/div>\n\t\t\t\t\t<\/div>\n\t\t<\/div>\n\t\t\t\t\t\t\t<\/div>\n\t\t<\/section>\n\t\t\t\t<section class=\"elementor-section elementor-top-section elementor-element elementor-element-220d305 elementor-section-boxed elementor-section-height-default elementor-section-height-default\" data-id=\"220d305\" data-element_type=\"section\">\n\t\t\t\t\t\t<div class=\"elementor-container elementor-column-gap-narrow\">\n\t\t\t\t\t<div class=\"elementor-column elementor-col-100 elementor-top-column elementor-element elementor-element-1dc7f07\" data-id=\"1dc7f07\" data-element_type=\"column\">\n\t\t\t<div class=\"elementor-widget-wrap elementor-element-populated\">\n\t\t\t\t\t\t\t\t<div class=\"elementor-element elementor-element-4debef8 elementor-widget elementor-widget-wn_contact_form7\" data-id=\"4debef8\" data-element_type=\"widget\" data-widget_type=\"wn_contact_form7.default\">\n\t\t\t\t<div class=\"elementor-widget-container\">\n\t\t\t<div role=\"form\" class=\"wpcf7\" id=\"wpcf7-f13991-o1\" lang=\"fr-FR\" dir=\"ltr\">\n<div class=\"screen-reader-response\"><p role=\"status\" aria-live=\"polite\" aria-atomic=\"true\"><\/p> <ul><\/ul><\/div>\n<form action=\"\/index.php\/wp-json\/wp\/v2\/pages\/13318#wpcf7-f13991-o1\" method=\"post\" class=\"wpcf7-form init\" novalidate=\"novalidate\" data-status=\"init\">\n<div style=\"display: none;\">\n<input type=\"hidden\" name=\"_wpcf7\" value=\"13991\" \/>\n<input type=\"hidden\" name=\"_wpcf7_version\" value=\"5.4\" \/>\n<input type=\"hidden\" name=\"_wpcf7_locale\" value=\"fr_FR\" \/>\n<input type=\"hidden\" name=\"_wpcf7_unit_tag\" value=\"wpcf7-f13991-o1\" \/>\n<input type=\"hidden\" name=\"_wpcf7_container_post\" value=\"0\" \/>\n<input type=\"hidden\" name=\"_wpcf7_posted_data_hash\" value=\"\" \/>\n<\/div>\n<p><label> Votre nom<br \/>\n    <span class=\"wpcf7-form-control-wrap text-7\"><input type=\"text\" name=\"text-7\" value=\"\" size=\"40\" class=\"wpcf7-form-control wpcf7-text wpcf7-validates-as-required\" aria-required=\"true\" aria-invalid=\"false\" \/><\/span><\/label><\/p>\n<p><label> Votre pr\u00e9nom<br \/>\n    <span class=\"wpcf7-form-control-wrap text-980\"><input type=\"text\" name=\"text-980\" value=\"\" size=\"40\" class=\"wpcf7-form-control wpcf7-text wpcf7-validates-as-required\" aria-required=\"true\" aria-invalid=\"false\" \/><\/span><\/label><\/p>\n<p><label> Votre adresse postale (facultatif)<br \/>\n    <span class=\"wpcf7-form-control-wrap textarea-111\"><textarea name=\"textarea-111\" cols=\"40\" rows=\"10\" class=\"wpcf7-form-control wpcf7-textarea\" aria-invalid=\"false\"><\/textarea><\/span><\/label><\/p>\n<p><label> Votre e-mail<br \/>\n    <span class=\"wpcf7-form-control-wrap email-408\"><input type=\"email\" name=\"email-408\" value=\"\" size=\"40\" class=\"wpcf7-form-control wpcf7-text wpcf7-email wpcf7-validates-as-required wpcf7-validates-as-email\" aria-required=\"true\" aria-invalid=\"false\" \/><\/span> <\/label><\/p>\n<p><label> Votre num\u00e9ro de t\u00e9l\u00e9phone<br \/>\n    <span class=\"wpcf7-form-control-wrap tel-875\"><input type=\"tel\" name=\"tel-875\" value=\"\" size=\"40\" class=\"wpcf7-form-control wpcf7-text wpcf7-tel wpcf7-validates-as-required wpcf7-validates-as-tel\" aria-required=\"true\" aria-invalid=\"false\" \/><\/span> <\/label><\/p>\n<p>Je m'inscris pour :<br><br \/>\n<span class=\"wpcf7-form-control-wrap checkbox-839\"><span class=\"wpcf7-form-control wpcf7-checkbox\"><span class=\"wpcf7-list-item first\"><label><input type=\"checkbox\" name=\"checkbox-839[]\" value=\"Recevoir le livre blanc\" \/><span class=\"wpcf7-list-item-label\">Recevoir le livre blanc<\/span><\/label><\/span><span class=\"wpcf7-list-item\"><label><input type=\"checkbox\" name=\"checkbox-839[]\" value=\"Participer au Comit\u00e9 mobilit\u00e9s\" \/><span class=\"wpcf7-list-item-label\">Participer au Comit\u00e9 mobilit\u00e9s<\/span><\/label><\/span><span class=\"wpcf7-list-item last\"><label><input type=\"checkbox\" name=\"checkbox-839[]\" value=\"Recevoir des informations sur les initiatives citoyennes men\u00e9es par Loire-Authion\" \/><span class=\"wpcf7-list-item-label\">Recevoir des informations sur les initiatives citoyennes men\u00e9es par Loire-Authion<\/span><\/label><\/span><\/span><\/span><\/p>\n<p><label> Votre message (facultatif)<br \/>\n    <span class=\"wpcf7-form-control-wrap your-message\"><textarea name=\"your-message\" cols=\"40\" rows=\"10\" class=\"wpcf7-form-control wpcf7-textarea\" aria-invalid=\"false\"><\/textarea><\/span> <\/label><\/p>\n<p><input type=\"submit\" value=\"Envoyer\" class=\"wpcf7-form-control wpcf7-submit\" \/><\/p>\n<div class=\"wpcf7-response-output\" aria-hidden=\"true\"><\/div><\/form><\/div>\t\t<\/div>\n\t\t\t\t<\/div>\n\t\t\t\t\t<\/div>\n\t\t<\/div>\n\t\t\t\t\t\t\t<\/div>\n\t\t<\/section>\n\t\t\t\t\t\t\t<\/div>\n\t\t","protected":false},"excerpt":{"rendered":"<p>Angers Loire M\u00e9tropole, le point sur les mobilit\u00e9s R\u00e9union de travail entre \u00e9lus de l&#8217;agglom\u00e9ration pour faire le point sur l&#8217;\u00e9tat actuel des mobilit\u00e9s sur le territoire angevin, le maillage des transports, les connexions et interd\u00e9pendances. Il s\u2019agissait de pr\u00e9senter un diagnostic mobilit\u00e9 \u00e0 l\u2019\u00e9chelle d\u2019Angers Loire M\u00e9tropole et pointer les enjeux politiques sur ce sujet pour Loire-Authion (enjeux du maillage des mobilit\u00e9s et des connexions entre la ville, Saint-Barth\u00e9l\u00e9my-d\u2019Anjou, Tr\u00e9laz\u00e9 et Loire-Authion notamment). Je souhaite recevoir des informations Votre nom Votre pr\u00e9nom Votre adresse postale (facultatif) Votre e-mail Votre num\u00e9ro de t\u00e9l\u00e9phone Je m&#8217;inscris pour : Recevoir le livre blancRecevoir des informations sur les initiatives citoyennes men\u00e9es par Loire-Authion Votre message (facultatif)<\/p>\n","protected":false},"author":2,"featured_media":0,"parent":0,"menu_order":0,"comment_status":"closed","ping_status":"closed","template":"","meta":[],"_links":{"self":[{"href":"https:\/\/mobilites-loire-authion.fr\/index.php\/wp-json\/wp\/v2\/pages\/13318"}],"collection":[{"href":"https:\/\/mobilites-loire-authion.fr\/index.php\/wp-json\/wp\/v2\/pages"}],"about":[{"href":"https:\/\/mobilites-loire-authion.fr\/index.php\/wp-json\/wp\/v2\/types\/page"}],"author":[{"embeddable":true,"href":"https:\/\/mobilites-loire-authion.fr\/index.php\/wp-json\/wp\/v2\/users\/2"}],"replies":[{"embeddable":true,"href":"https:\/\/mobilites-loire-authion.fr\/index.php\/wp-json\/wp\/v2\/comments?post=13318"}],"version-history":[{"count":130,"href":"https:\/\/mobilites-loire-authion.fr\/index.php\/wp-json\/wp\/v2\/pages\/13318\/revisions"}],"predecessor-version":[{"id":14321,"href":"https:\/\/mobilites-loire-authion.fr\/index.php\/wp-json\/wp\/v2\/pages\/13318\/revisions\/14321"}],"wp:attachment":[{"href":"https:\/\/mobilites-loire-authion.fr\/index.php\/wp-json\/wp\/v2\/media?parent=13318"}],"curies":[{"name":"wp","href":"https:\/\/api.w.org\/{rel}","templated":true}]}}