{"id":13406,"date":"2021-03-16T11:36:03","date_gmt":"2021-03-16T10:36:03","guid":{"rendered":"https:\/\/mobilites-loire-authion.fr\/?page_id=13406"},"modified":"2021-12-10T10:33:26","modified_gmt":"2021-12-10T09:33:26","slug":"20-mai-a-20h-rencontre-ouverte-a-tous-les-habitants","status":"publish","type":"page","link":"https:\/\/mobilites-loire-authion.fr\/index.php\/20-mai-a-20h-rencontre-ouverte-a-tous-les-habitants\/","title":{"rendered":"20 mai \/\/ Rencontre ouverte \u00e0 tous les habitants"},"content":{"rendered":"\t\t<div data-elementor-type=\"wp-page\" data-elementor-id=\"13406\" class=\"elementor elementor-13406\">\n\t\t\t\t\t\t\t\t\t<section class=\"elementor-section elementor-top-section elementor-element elementor-element-ffd203c elementor-section-boxed elementor-section-height-default elementor-section-height-default\" data-id=\"ffd203c\" data-element_type=\"section\">\n\t\t\t\t\t\t<div class=\"elementor-container elementor-column-gap-default\">\n\t\t\t\t\t<div class=\"elementor-column elementor-col-100 elementor-top-column elementor-element elementor-element-a340158\" data-id=\"a340158\" data-element_type=\"column\">\n\t\t\t<div class=\"elementor-widget-wrap elementor-element-populated\">\n\t\t\t\t\t\t\t\t<div class=\"elementor-element elementor-element-eca43dc elementor-widget elementor-widget-heading\" data-id=\"eca43dc\" data-element_type=\"widget\" data-widget_type=\"heading.default\">\n\t\t\t\t<div class=\"elementor-widget-container\">\n\t\t\t<h2 class=\"elementor-heading-title elementor-size-default\">Les mobilit\u00e9s \u00e0 Loire-Authion, o\u00f9 en est-on ?<\/h2>\t\t<\/div>\n\t\t\t\t<\/div>\n\t\t\t\t<div class=\"elementor-element elementor-element-aed893b elementor-widget elementor-widget-spacer\" data-id=\"aed893b\" data-element_type=\"widget\" data-widget_type=\"spacer.default\">\n\t\t\t\t<div class=\"elementor-widget-container\">\n\t\t\t\t\t<div class=\"elementor-spacer\">\n\t\t\t<div class=\"elementor-spacer-inner\"><\/div>\n\t\t<\/div>\n\t\t\t\t<\/div>\n\t\t\t\t<\/div>\n\t\t\t\t\t<\/div>\n\t\t<\/div>\n\t\t\t\t\t\t\t<\/div>\n\t\t<\/section>\n\t\t\t\t<section class=\"elementor-section elementor-top-section elementor-element elementor-element-9435677 elementor-section-boxed elementor-section-height-default elementor-section-height-default\" data-id=\"9435677\" data-element_type=\"section\">\n\t\t\t\t\t\t<div class=\"elementor-container elementor-column-gap-default\">\n\t\t\t\t\t<div class=\"elementor-column elementor-col-100 elementor-top-column elementor-element elementor-element-ee9e055\" data-id=\"ee9e055\" data-element_type=\"column\">\n\t\t\t<div class=\"elementor-widget-wrap\">\n\t\t\t\t\t\t\t\t\t<\/div>\n\t\t<\/div>\n\t\t\t\t\t\t\t<\/div>\n\t\t<\/section>\n\t\t\t\t<section class=\"elementor-section elementor-top-section elementor-element elementor-element-407906e elementor-section-boxed elementor-section-height-default elementor-section-height-default\" data-id=\"407906e\" data-element_type=\"section\">\n\t\t\t\t\t\t<div class=\"elementor-container elementor-column-gap-default\">\n\t\t\t\t\t<div class=\"elementor-column elementor-col-100 elementor-top-column elementor-element elementor-element-b67f6da\" data-id=\"b67f6da\" data-element_type=\"column\">\n\t\t\t<div class=\"elementor-widget-wrap elementor-element-populated\">\n\t\t\t\t\t\t\t\t<div class=\"elementor-element elementor-element-0fa2d10 elementor-widget elementor-widget-spacer\" data-id=\"0fa2d10\" data-element_type=\"widget\" data-widget_type=\"spacer.default\">\n\t\t\t\t<div class=\"elementor-widget-container\">\n\t\t\t\t\t<div class=\"elementor-spacer\">\n\t\t\t<div class=\"elementor-spacer-inner\"><\/div>\n\t\t<\/div>\n\t\t\t\t<\/div>\n\t\t\t\t<\/div>\n\t\t\t\t\t<\/div>\n\t\t<\/div>\n\t\t\t\t\t\t\t<\/div>\n\t\t<\/section>\n\t\t\t\t<section class=\"elementor-section elementor-top-section elementor-element elementor-element-7a5f168 elementor-section-boxed elementor-section-height-default elementor-section-height-default\" data-id=\"7a5f168\" data-element_type=\"section\">\n\t\t\t\t\t\t<div class=\"elementor-container elementor-column-gap-default\">\n\t\t\t\t\t<div class=\"elementor-column elementor-col-50 elementor-top-column elementor-element elementor-element-af0c048\" data-id=\"af0c048\" data-element_type=\"column\">\n\t\t\t<div class=\"elementor-widget-wrap elementor-element-populated\">\n\t\t\t\t\t\t\t\t<div class=\"elementor-element elementor-element-80f3943 elementor-widget elementor-widget-text-editor\" data-id=\"80f3943\" data-element_type=\"widget\" data-widget_type=\"text-editor.default\">\n\t\t\t\t<div class=\"elementor-widget-container\">\n\t\t\t\t\t\t\t<p>Rencontre ouverte \u00e0 tous les habitants pour poser les enjeux sur les trois sujets majeurs des Rencontres :<\/p><ul><li>Trajets entrants et sortants de Loire-Authion : articulations avec le bassin de vie angevin, no\u00adtamment pour les trajets quotidiens domicile-travail ou ponctuels domi\u00adcile-sant\u00e9, domicile-loisirs<\/li><li>Transport intracommunal : d\u00e9placements au sein et entre les sept communes d\u00e9l\u00e9gu\u00e9es, aller chez les artisans et commer\u00e7ants loire-authiens, faire ses d\u00e9marches administratives, rejoindre le front de Loire, la vall\u00e9e ou la for\u00eat, etc.<\/li><li>Mobilit\u00e9s douces : place du v\u00e9lo et des pi\u00e9tons, pistes cyclables\u2026<\/li><\/ul><p>Ce temps d\u2019\u00e9changes est destin\u00e9 \u00e0 pr\u00e9parer la rencontre du 29 mai qui aura pour but de trouver des solutions pour faire face aux enjeux.<\/p>\t\t\t\t\t\t<\/div>\n\t\t\t\t<\/div>\n\t\t\t\t\t<\/div>\n\t\t<\/div>\n\t\t\t\t<div class=\"elementor-column elementor-col-50 elementor-top-column elementor-element elementor-element-f3b4cc5\" data-id=\"f3b4cc5\" data-element_type=\"column\">\n\t\t\t<div class=\"elementor-widget-wrap elementor-element-populated\">\n\t\t\t\t\t\t\t\t<div class=\"elementor-element elementor-element-967d9c0 elementor-absolute elementor-arrows-position-inside elementor-pagination-position-outside elementor-widget elementor-widget-image-carousel\" data-id=\"967d9c0\" data-element_type=\"widget\" data-settings=\"{&quot;_position&quot;:&quot;absolute&quot;,&quot;slides_to_show&quot;:&quot;1&quot;,&quot;navigation&quot;:&quot;both&quot;,&quot;autoplay&quot;:&quot;yes&quot;,&quot;pause_on_hover&quot;:&quot;yes&quot;,&quot;pause_on_interaction&quot;:&quot;yes&quot;,&quot;autoplay_speed&quot;:5000,&quot;infinite&quot;:&quot;yes&quot;,&quot;effect&quot;:&quot;slide&quot;,&quot;speed&quot;:500}\" data-widget_type=\"image-carousel.default\">\n\t\t\t\t<div class=\"elementor-widget-container\">\n\t\t\t\t\t<div class=\"elementor-image-carousel-wrapper swiper-container\" dir=\"ltr\">\n\t\t\t<div class=\"elementor-image-carousel swiper-wrapper\">\n\t\t\t\t\t\t\t\t<div class=\"swiper-slide\"><figure class=\"swiper-slide-inner\"><img class=\"swiper-slide-image\" src=\"https:\/\/mobilites-loire-authion.fr\/wp-content\/uploads\/2021\/06\/IMG_20210520_220144-768x576.jpg\" alt=\"Rencontre du 20 mai 2021\" \/><\/figure><\/div><div class=\"swiper-slide\"><figure class=\"swiper-slide-inner\"><img class=\"swiper-slide-image\" src=\"https:\/\/mobilites-loire-authion.fr\/wp-content\/uploads\/2021\/06\/IMG_20210520_220135-768x576.jpg\" alt=\"Rencontre du 20 mai 2021\" \/><\/figure><\/div><div class=\"swiper-slide\"><figure class=\"swiper-slide-inner\"><img class=\"swiper-slide-image\" src=\"https:\/\/mobilites-loire-authion.fr\/wp-content\/uploads\/2021\/06\/IMG_20210520_220128-768x576.jpg\" alt=\"Rencontre du 20 mai 2021\" \/><\/figure><\/div><div class=\"swiper-slide\"><figure class=\"swiper-slide-inner\"><img class=\"swiper-slide-image\" src=\"https:\/\/mobilites-loire-authion.fr\/wp-content\/uploads\/2021\/06\/IMG_20210520_220045-768x576.jpg\" alt=\"Rencontre du 20 mai 2021\" \/><\/figure><\/div><div class=\"swiper-slide\"><figure class=\"swiper-slide-inner\"><img class=\"swiper-slide-image\" src=\"https:\/\/mobilites-loire-authion.fr\/wp-content\/uploads\/2021\/06\/IMG_20210520_202036-768x576.jpg\" alt=\"IMG_20210520_202036\" \/><\/figure><\/div>\t\t\t<\/div>\n\t\t\t\t\t\t\t\t\t\t\t\t<div class=\"swiper-pagination\"><\/div>\n\t\t\t\t\t\t\t\t\t\t\t\t\t<div class=\"elementor-swiper-button elementor-swiper-button-prev\">\n\t\t\t\t\t\t<i aria-hidden=\"true\" class=\"eicon-chevron-left\"><\/i>\t\t\t\t\t\t<span class=\"elementor-screen-only\">Pr\u00e9c\u00e9dent<\/span>\n\t\t\t\t\t<\/div>\n\t\t\t\t\t<div class=\"elementor-swiper-button elementor-swiper-button-next\">\n\t\t\t\t\t\t<i aria-hidden=\"true\" class=\"eicon-chevron-right\"><\/i>\t\t\t\t\t\t<span class=\"elementor-screen-only\">Suivant<\/span>\n\t\t\t\t\t<\/div>\n\t\t\t\t\t\t\t\t\t<\/div>\n\t\t\t\t<\/div>\n\t\t\t\t<\/div>\n\t\t\t\t\t<\/div>\n\t\t<\/div>\n\t\t\t\t\t\t\t<\/div>\n\t\t<\/section>\n\t\t\t\t<section class=\"elementor-section elementor-top-section elementor-element elementor-element-7c366ea elementor-section-boxed elementor-section-height-default elementor-section-height-default\" data-id=\"7c366ea\" data-element_type=\"section\">\n\t\t\t\t\t\t<div class=\"elementor-container elementor-column-gap-default\">\n\t\t\t\t\t<div class=\"elementor-column elementor-col-100 elementor-top-column elementor-element elementor-element-9b31c1a\" data-id=\"9b31c1a\" data-element_type=\"column\">\n\t\t\t<div class=\"elementor-widget-wrap\">\n\t\t\t\t\t\t\t\t\t<\/div>\n\t\t<\/div>\n\t\t\t\t\t\t\t<\/div>\n\t\t<\/section>\n\t\t\t\t<section class=\"elementor-section elementor-top-section elementor-element elementor-element-311589d elementor-section-boxed elementor-section-height-default elementor-section-height-default\" data-id=\"311589d\" data-element_type=\"section\">\n\t\t\t\t\t\t<div class=\"elementor-container elementor-column-gap-default\">\n\t\t\t\t\t<div class=\"elementor-column elementor-col-100 elementor-top-column elementor-element elementor-element-d515c52\" data-id=\"d515c52\" data-element_type=\"column\">\n\t\t\t<div class=\"elementor-widget-wrap elementor-element-populated\">\n\t\t\t\t\t\t\t\t<div class=\"elementor-element elementor-element-50dbbf2 elementor-widget elementor-widget-spacer\" data-id=\"50dbbf2\" data-element_type=\"widget\" data-widget_type=\"spacer.default\">\n\t\t\t\t<div class=\"elementor-widget-container\">\n\t\t\t\t\t<div class=\"elementor-spacer\">\n\t\t\t<div class=\"elementor-spacer-inner\"><\/div>\n\t\t<\/div>\n\t\t\t\t<\/div>\n\t\t\t\t<\/div>\n\t\t\t\t\t<\/div>\n\t\t<\/div>\n\t\t\t\t\t\t\t<\/div>\n\t\t<\/section>\n\t\t\t\t<section class=\"elementor-section elementor-top-section elementor-element elementor-element-da6fc52 elementor-section-boxed elementor-section-height-default elementor-section-height-default\" data-id=\"da6fc52\" data-element_type=\"section\">\n\t\t\t\t\t\t<div class=\"elementor-container elementor-column-gap-default\">\n\t\t\t\t\t<div class=\"elementor-column elementor-col-100 elementor-top-column elementor-element elementor-element-6c1067e\" data-id=\"6c1067e\" data-element_type=\"column\">\n\t\t\t<div class=\"elementor-widget-wrap elementor-element-populated\">\n\t\t\t\t\t\t\t\t<div class=\"elementor-element elementor-element-ecdbd52 elementor-widget elementor-widget-heading\" data-id=\"ecdbd52\" data-element_type=\"widget\" data-widget_type=\"heading.default\">\n\t\t\t\t<div class=\"elementor-widget-container\">\n\t\t\t<h2 class=\"elementor-heading-title elementor-size-large\">Je souhaite recevoir des informations<\/h2>\t\t<\/div>\n\t\t\t\t<\/div>\n\t\t\t\t\t<\/div>\n\t\t<\/div>\n\t\t\t\t\t\t\t<\/div>\n\t\t<\/section>\n\t\t\t\t<section class=\"elementor-section elementor-top-section elementor-element elementor-element-74e9d91 elementor-section-boxed elementor-section-height-default elementor-section-height-default\" data-id=\"74e9d91\" data-element_type=\"section\">\n\t\t\t\t\t\t<div class=\"elementor-container elementor-column-gap-default\">\n\t\t\t\t\t<div class=\"elementor-column elementor-col-100 elementor-top-column elementor-element elementor-element-ceac4d2\" data-id=\"ceac4d2\" data-element_type=\"column\">\n\t\t\t<div class=\"elementor-widget-wrap elementor-element-populated\">\n\t\t\t\t\t\t\t\t<div class=\"elementor-element elementor-element-042cf4a elementor-widget elementor-widget-wn_contact_form7\" data-id=\"042cf4a\" data-element_type=\"widget\" data-widget_type=\"wn_contact_form7.default\">\n\t\t\t\t<div class=\"elementor-widget-container\">\n\t\t\t<div role=\"form\" class=\"wpcf7\" id=\"wpcf7-f13991-o1\" lang=\"fr-FR\" dir=\"ltr\">\n<div class=\"screen-reader-response\"><p role=\"status\" aria-live=\"polite\" aria-atomic=\"true\"><\/p> <ul><\/ul><\/div>\n<form action=\"\/index.php\/wp-json\/wp\/v2\/pages\/13406#wpcf7-f13991-o1\" method=\"post\" class=\"wpcf7-form init\" novalidate=\"novalidate\" data-status=\"init\">\n<div style=\"display: none;\">\n<input type=\"hidden\" name=\"_wpcf7\" value=\"13991\" \/>\n<input type=\"hidden\" name=\"_wpcf7_version\" value=\"5.4\" \/>\n<input type=\"hidden\" name=\"_wpcf7_locale\" value=\"fr_FR\" \/>\n<input type=\"hidden\" name=\"_wpcf7_unit_tag\" value=\"wpcf7-f13991-o1\" \/>\n<input type=\"hidden\" name=\"_wpcf7_container_post\" value=\"0\" \/>\n<input type=\"hidden\" name=\"_wpcf7_posted_data_hash\" value=\"\" \/>\n<\/div>\n<p><label> Votre nom<br \/>\n    <span class=\"wpcf7-form-control-wrap text-7\"><input type=\"text\" name=\"text-7\" value=\"\" size=\"40\" class=\"wpcf7-form-control wpcf7-text wpcf7-validates-as-required\" aria-required=\"true\" aria-invalid=\"false\" \/><\/span><\/label><\/p>\n<p><label> Votre pr\u00e9nom<br \/>\n    <span class=\"wpcf7-form-control-wrap text-980\"><input type=\"text\" name=\"text-980\" value=\"\" size=\"40\" class=\"wpcf7-form-control wpcf7-text wpcf7-validates-as-required\" aria-required=\"true\" aria-invalid=\"false\" \/><\/span><\/label><\/p>\n<p><label> Votre adresse postale (facultatif)<br \/>\n    <span class=\"wpcf7-form-control-wrap textarea-111\"><textarea name=\"textarea-111\" cols=\"40\" rows=\"10\" class=\"wpcf7-form-control wpcf7-textarea\" aria-invalid=\"false\"><\/textarea><\/span><\/label><\/p>\n<p><label> Votre e-mail<br \/>\n    <span class=\"wpcf7-form-control-wrap email-408\"><input type=\"email\" name=\"email-408\" value=\"\" size=\"40\" class=\"wpcf7-form-control wpcf7-text wpcf7-email wpcf7-validates-as-required wpcf7-validates-as-email\" aria-required=\"true\" aria-invalid=\"false\" \/><\/span> <\/label><\/p>\n<p><label> Votre num\u00e9ro de t\u00e9l\u00e9phone<br \/>\n    <span class=\"wpcf7-form-control-wrap tel-875\"><input type=\"tel\" name=\"tel-875\" value=\"\" size=\"40\" class=\"wpcf7-form-control wpcf7-text wpcf7-tel wpcf7-validates-as-required wpcf7-validates-as-tel\" aria-required=\"true\" aria-invalid=\"false\" \/><\/span> <\/label><\/p>\n<p>Je m'inscris pour :<br><br \/>\n<span class=\"wpcf7-form-control-wrap checkbox-839\"><span class=\"wpcf7-form-control wpcf7-checkbox\"><span class=\"wpcf7-list-item first\"><label><input type=\"checkbox\" name=\"checkbox-839[]\" value=\"Recevoir le livre blanc\" \/><span class=\"wpcf7-list-item-label\">Recevoir le livre blanc<\/span><\/label><\/span><span class=\"wpcf7-list-item\"><label><input type=\"checkbox\" name=\"checkbox-839[]\" value=\"Participer au Comit\u00e9 mobilit\u00e9s\" \/><span class=\"wpcf7-list-item-label\">Participer au Comit\u00e9 mobilit\u00e9s<\/span><\/label><\/span><span class=\"wpcf7-list-item last\"><label><input type=\"checkbox\" name=\"checkbox-839[]\" value=\"Recevoir des informations sur les initiatives citoyennes men\u00e9es par Loire-Authion\" \/><span class=\"wpcf7-list-item-label\">Recevoir des informations sur les initiatives citoyennes men\u00e9es par Loire-Authion<\/span><\/label><\/span><\/span><\/span><\/p>\n<p><label> Votre message (facultatif)<br \/>\n    <span class=\"wpcf7-form-control-wrap your-message\"><textarea name=\"your-message\" cols=\"40\" rows=\"10\" class=\"wpcf7-form-control wpcf7-textarea\" aria-invalid=\"false\"><\/textarea><\/span> <\/label><\/p>\n<p><input type=\"submit\" value=\"Envoyer\" class=\"wpcf7-form-control wpcf7-submit\" \/><\/p>\n<div class=\"wpcf7-response-output\" aria-hidden=\"true\"><\/div><\/form><\/div>\t\t<\/div>\n\t\t\t\t<\/div>\n\t\t\t\t\t<\/div>\n\t\t<\/div>\n\t\t\t\t\t\t\t<\/div>\n\t\t<\/section>\n\t\t\t\t\t\t\t<\/div>\n\t\t","protected":false},"excerpt":{"rendered":"<p>Les mobilit\u00e9s \u00e0 Loire-Authion, o\u00f9 en est-on ? Rencontre ouverte \u00e0 tous les habitants pour poser les enjeux sur les trois sujets majeurs des Rencontres : Trajets entrants et sortants de Loire-Authion : articulations avec le bassin de vie angevin, no\u00adtamment pour les trajets quotidiens domicile-travail ou ponctuels domi\u00adcile-sant\u00e9, domicile-loisirs Transport intracommunal : d\u00e9placements au sein et entre les sept communes d\u00e9l\u00e9gu\u00e9es, aller chez les artisans et commer\u00e7ants loire-authiens, faire ses d\u00e9marches administratives, rejoindre le front de Loire, la vall\u00e9e ou la for\u00eat, etc. Mobilit\u00e9s douces : place du v\u00e9lo et des pi\u00e9tons, pistes cyclables\u2026 Ce temps d\u2019\u00e9changes est destin\u00e9 \u00e0 pr\u00e9parer la rencontre du 29 mai qui aura pour but de trouver des solutions pour faire face aux enjeux. Pr\u00e9c\u00e9dent Suivant Je souhaite recevoir des informations Votre nom Votre pr\u00e9nom Votre adresse postale (facultatif) Votre e-mail Votre num\u00e9ro de t\u00e9l\u00e9phone Je m&#8217;inscris pour : Participer au forum ouvert le 29 mai, mes mobilit\u00e9s demain \u00e0 Loire-Authion, on fait quoi ?D\u00e9jeuner sur place le 29 maiRecevoir le livre blanc Votre message (facultatif)<\/p>\n","protected":false},"author":2,"featured_media":0,"parent":0,"menu_order":0,"comment_status":"closed","ping_status":"closed","template":"","meta":[],"_links":{"self":[{"href":"https:\/\/mobilites-loire-authion.fr\/index.php\/wp-json\/wp\/v2\/pages\/13406"}],"collection":[{"href":"https:\/\/mobilites-loire-authion.fr\/index.php\/wp-json\/wp\/v2\/pages"}],"about":[{"href":"https:\/\/mobilites-loire-authion.fr\/index.php\/wp-json\/wp\/v2\/types\/page"}],"author":[{"embeddable":true,"href":"https:\/\/mobilites-loire-authion.fr\/index.php\/wp-json\/wp\/v2\/users\/2"}],"replies":[{"embeddable":true,"href":"https:\/\/mobilites-loire-authion.fr\/index.php\/wp-json\/wp\/v2\/comments?post=13406"}],"version-history":[{"count":64,"href":"https:\/\/mobilites-loire-authion.fr\/index.php\/wp-json\/wp\/v2\/pages\/13406\/revisions"}],"predecessor-version":[{"id":14427,"href":"https:\/\/mobilites-loire-authion.fr\/index.php\/wp-json\/wp\/v2\/pages\/13406\/revisions\/14427"}],"wp:attachment":[{"href":"https:\/\/mobilites-loire-authion.fr\/index.php\/wp-json\/wp\/v2\/media?parent=13406"}],"curies":[{"name":"wp","href":"https:\/\/api.w.org\/{rel}","templated":true}]}}