{"id":13426,"date":"2021-03-16T11:51:10","date_gmt":"2021-03-16T10:51:10","guid":{"rendered":"https:\/\/mobilites-loire-authion.fr\/?page_id=13426"},"modified":"2021-12-10T10:17:41","modified_gmt":"2021-12-10T09:17:41","slug":"29-mai-forum-ouvert","status":"publish","type":"page","link":"https:\/\/mobilites-loire-authion.fr\/index.php\/29-mai-forum-ouvert\/","title":{"rendered":"29 mai \/\/ Forum ouvert"},"content":{"rendered":"\t\t<div data-elementor-type=\"wp-page\" data-elementor-id=\"13426\" class=\"elementor elementor-13426\">\n\t\t\t\t\t\t\t\t\t<section class=\"elementor-section elementor-top-section elementor-element elementor-element-8d1497a elementor-section-boxed elementor-section-height-default elementor-section-height-default\" data-id=\"8d1497a\" data-element_type=\"section\">\n\t\t\t\t\t\t<div class=\"elementor-container elementor-column-gap-default\">\n\t\t\t\t\t<div class=\"elementor-column elementor-col-100 elementor-top-column elementor-element elementor-element-e2cee07\" data-id=\"e2cee07\" data-element_type=\"column\">\n\t\t\t<div class=\"elementor-widget-wrap elementor-element-populated\">\n\t\t\t\t\t\t\t\t<div class=\"elementor-element elementor-element-97d6a20 elementor-widget elementor-widget-heading\" data-id=\"97d6a20\" data-element_type=\"widget\" data-widget_type=\"heading.default\">\n\t\t\t\t<div class=\"elementor-widget-container\">\n\t\t\t<h2 class=\"elementor-heading-title elementor-size-default\">Mes mobilit\u00e9s de demain \u00e0 Loire-Authion, on fait quoi ?<\/h2>\t\t<\/div>\n\t\t\t\t<\/div>\n\t\t\t\t<div class=\"elementor-element elementor-element-1ab3b11 elementor-widget elementor-widget-spacer\" data-id=\"1ab3b11\" data-element_type=\"widget\" data-widget_type=\"spacer.default\">\n\t\t\t\t<div class=\"elementor-widget-container\">\n\t\t\t\t\t<div class=\"elementor-spacer\">\n\t\t\t<div class=\"elementor-spacer-inner\"><\/div>\n\t\t<\/div>\n\t\t\t\t<\/div>\n\t\t\t\t<\/div>\n\t\t\t\t<div class=\"elementor-element elementor-element-c61f0cd elementor-widget elementor-widget-spacer\" data-id=\"c61f0cd\" data-element_type=\"widget\" data-widget_type=\"spacer.default\">\n\t\t\t\t<div class=\"elementor-widget-container\">\n\t\t\t\t\t<div class=\"elementor-spacer\">\n\t\t\t<div class=\"elementor-spacer-inner\"><\/div>\n\t\t<\/div>\n\t\t\t\t<\/div>\n\t\t\t\t<\/div>\n\t\t\t\t<div class=\"elementor-element elementor-element-bdb04d8 elementor-widget elementor-widget-heading\" data-id=\"bdb04d8\" data-element_type=\"widget\" data-widget_type=\"heading.default\">\n\t\t\t\t<div class=\"elementor-widget-container\">\n\t\t\t<h2 class=\"elementor-heading-title elementor-size-large\">Retour en images sur le forum ouvert<\/h2>\t\t<\/div>\n\t\t\t\t<\/div>\n\t\t\t\t\t<\/div>\n\t\t<\/div>\n\t\t\t\t\t\t\t<\/div>\n\t\t<\/section>\n\t\t\t\t<section class=\"elementor-section elementor-top-section elementor-element elementor-element-6f28567 elementor-section-boxed elementor-section-height-default elementor-section-height-default\" data-id=\"6f28567\" data-element_type=\"section\">\n\t\t\t\t\t\t<div class=\"elementor-container elementor-column-gap-default\">\n\t\t\t\t\t<div class=\"elementor-column elementor-col-50 elementor-top-column elementor-element elementor-element-008cad6\" data-id=\"008cad6\" data-element_type=\"column\">\n\t\t\t<div class=\"elementor-widget-wrap elementor-element-populated\">\n\t\t\t\t\t\t\t\t<div class=\"elementor-element elementor-element-411061d elementor-aspect-ratio-169 elementor-widget elementor-widget-video\" data-id=\"411061d\" data-element_type=\"widget\" data-settings=\"{&quot;youtube_url&quot;:&quot;https:\\\/\\\/youtu.be\\\/tfpehSMwZOM&quot;,&quot;video_type&quot;:&quot;youtube&quot;,&quot;controls&quot;:&quot;yes&quot;,&quot;aspect_ratio&quot;:&quot;169&quot;}\" data-widget_type=\"video.default\">\n\t\t\t\t<div class=\"elementor-widget-container\">\n\t\t\t\t\t<div class=\"elementor-wrapper elementor-fit-aspect-ratio elementor-open-inline\">\n\t\t\t<div class=\"elementor-video\"><\/div>\t\t<\/div>\n\t\t\t\t<\/div>\n\t\t\t\t<\/div>\n\t\t\t\t\t<\/div>\n\t\t<\/div>\n\t\t\t\t<div class=\"elementor-column elementor-col-50 elementor-top-column elementor-element elementor-element-569f7eb\" data-id=\"569f7eb\" data-element_type=\"column\">\n\t\t\t<div class=\"elementor-widget-wrap elementor-element-populated\">\n\t\t\t\t\t\t\t\t<div class=\"elementor-element elementor-element-0590bea elementor-widget elementor-widget-spacer\" data-id=\"0590bea\" data-element_type=\"widget\" data-widget_type=\"spacer.default\">\n\t\t\t\t<div class=\"elementor-widget-container\">\n\t\t\t\t\t<div class=\"elementor-spacer\">\n\t\t\t<div class=\"elementor-spacer-inner\"><\/div>\n\t\t<\/div>\n\t\t\t\t<\/div>\n\t\t\t\t<\/div>\n\t\t\t\t<div class=\"elementor-element elementor-element-e5910d8 elementor-widget elementor-widget-text-editor\" data-id=\"e5910d8\" data-element_type=\"widget\" data-widget_type=\"text-editor.default\">\n\t\t\t\t<div class=\"elementor-widget-container\">\n\t\t\t\t\t\t\t<p><strong>Sur une journ\u00e9e, plus de 100 habitants, associations, entreprises, \u00e9lus et agents de Loire-Authion se sont r\u00e9unis pour imaginer des solutions aux probl\u00e9matiques actuelles. Quelles actions d\u00e9velopper ? Quels transports en commun en 2023 ? Les participants se sont mis en mouvement et en contribution pour discuter des enjeux et d\u00e9gager des pistes de r\u00e9flexion.<\/strong><\/p>\t\t\t\t\t\t<\/div>\n\t\t\t\t<\/div>\n\t\t\t\t\t<\/div>\n\t\t<\/div>\n\t\t\t\t\t\t\t<\/div>\n\t\t<\/section>\n\t\t\t\t<section class=\"elementor-section elementor-top-section elementor-element elementor-element-9d89aa8 elementor-section-boxed elementor-section-height-default elementor-section-height-default\" data-id=\"9d89aa8\" data-element_type=\"section\">\n\t\t\t\t\t\t<div class=\"elementor-container elementor-column-gap-default\">\n\t\t\t\t\t<div class=\"elementor-column elementor-col-100 elementor-top-column elementor-element elementor-element-cf1a727\" data-id=\"cf1a727\" data-element_type=\"column\">\n\t\t\t<div class=\"elementor-widget-wrap elementor-element-populated\">\n\t\t\t\t\t\t\t\t<div class=\"elementor-element elementor-element-b06be17 elementor-widget elementor-widget-text-editor\" data-id=\"b06be17\" data-element_type=\"widget\" data-widget_type=\"text-editor.default\">\n\t\t\t\t<div class=\"elementor-widget-container\">\n\t\t\t\t\t\t\t<h2><strong>C&#8217;est quoi un forum ouvert ?<\/strong><\/h2><p>Le forum ouvert est une m\u00e9\u00adthode pour r\u00e9fl\u00e9chir ensemble sur des th\u00e9matiques impor\u00adtantes et complexes. Des groupes de 5 \u00e0 300 personnes travaillent ensemble. Les discussions s\u2019orientent naturellement vers la recherche de solutions concr\u00e8tes, inno\u00advantes et pragmatiques. \u00a0Chaque groupe de travail r\u00e9\u00addige un compte-rendu qui est affich\u00e9 imm\u00e9diatement.<\/p>\t\t\t\t\t\t<\/div>\n\t\t\t\t<\/div>\n\t\t\t\t\t<\/div>\n\t\t<\/div>\n\t\t\t\t\t\t\t<\/div>\n\t\t<\/section>\n\t\t\t\t<section class=\"elementor-section elementor-top-section elementor-element elementor-element-d576603 elementor-section-boxed elementor-section-height-default elementor-section-height-default\" data-id=\"d576603\" data-element_type=\"section\" data-settings=\"{&quot;background_background&quot;:&quot;classic&quot;}\">\n\t\t\t\t\t\t<div class=\"elementor-container elementor-column-gap-default\">\n\t\t\t\t\t<div class=\"elementor-column elementor-col-50 elementor-top-column elementor-element elementor-element-ef9b549\" data-id=\"ef9b549\" data-element_type=\"column\">\n\t\t\t<div class=\"elementor-widget-wrap elementor-element-populated\">\n\t\t\t\t\t\t\t\t<div class=\"elementor-element elementor-element-5f656e4 elementor-widget elementor-widget-spacer\" data-id=\"5f656e4\" data-element_type=\"widget\" data-widget_type=\"spacer.default\">\n\t\t\t\t<div class=\"elementor-widget-container\">\n\t\t\t\t\t<div class=\"elementor-spacer\">\n\t\t\t<div class=\"elementor-spacer-inner\"><\/div>\n\t\t<\/div>\n\t\t\t\t<\/div>\n\t\t\t\t<\/div>\n\t\t\t\t<div class=\"elementor-element elementor-element-1564bc3 elementor-widget elementor-widget-text-editor\" data-id=\"1564bc3\" data-element_type=\"widget\" data-widget_type=\"text-editor.default\">\n\t\t\t\t<div class=\"elementor-widget-container\">\n\t\t\t\t\t\t\t<h2><strong>Le livre blanc, recueil du forum des mobilit\u00e9s<\/strong><\/h2><p>Le livre blanc regroupe les productions des groupes de travail r\u00e9unis le 29 mai dernier \u00e0 l\u2019occasion du forum ouvert sur les mobilit\u00e9s. Toutes les id\u00e9es, les discussions et les plans d\u2019actions qui ont \u00e9merg\u00e9s lors de cette journ\u00e9e sont retranscrits dans ce document. Le livre blanc est organis\u00e9 en 3 chapitres, selon les 3 temps forts de la journ\u00e9e : le Mur du March\u00e9, les ateliers du matin et les ateliers de l&#8217;apr\u00e8s-midi.<\/p><p><a href=\"https:\/\/mobilites-loire-authion.fr\/index.php\/publication-du-livre-blanc\/\">Pour en savoir plus sur le livre blanc et pour le t\u00e9l\u00e9charger&#8230;<\/a><\/p>\t\t\t\t\t\t<\/div>\n\t\t\t\t<\/div>\n\t\t\t\t\t<\/div>\n\t\t<\/div>\n\t\t\t\t<div class=\"elementor-column elementor-col-50 elementor-top-column elementor-element elementor-element-b78b6ce\" data-id=\"b78b6ce\" data-element_type=\"column\">\n\t\t\t<div class=\"elementor-widget-wrap elementor-element-populated\">\n\t\t\t\t\t\t\t\t<div class=\"elementor-element elementor-element-18944b0 elementor-widget elementor-widget-image\" data-id=\"18944b0\" data-element_type=\"widget\" data-widget_type=\"image.default\">\n\t\t\t\t<div class=\"elementor-widget-container\">\n\t\t\t\t\t\t\t\t\t\t\t\t\t\t\t<img width=\"640\" height=\"865\" src=\"https:\/\/mobilites-loire-authion.fr\/wp-content\/uploads\/2021\/12\/Couverture-du-livre-blanc-758x1024.jpg\" class=\"attachment-large size-large\" alt=\"Livre blanc sur les mobilit\u00e9s\" loading=\"lazy\" srcset=\"https:\/\/mobilites-loire-authion.fr\/wp-content\/uploads\/2021\/12\/Couverture-du-livre-blanc-758x1024.jpg 758w, https:\/\/mobilites-loire-authion.fr\/wp-content\/uploads\/2021\/12\/Couverture-du-livre-blanc-222x300.jpg 222w, https:\/\/mobilites-loire-authion.fr\/wp-content\/uploads\/2021\/12\/Couverture-du-livre-blanc-768x1037.jpg 768w, https:\/\/mobilites-loire-authion.fr\/wp-content\/uploads\/2021\/12\/Couverture-du-livre-blanc-1137x1536.jpg 1137w, https:\/\/mobilites-loire-authion.fr\/wp-content\/uploads\/2021\/12\/Couverture-du-livre-blanc-1516x2048.jpg 1516w, https:\/\/mobilites-loire-authion.fr\/wp-content\/uploads\/2021\/12\/Couverture-du-livre-blanc-scaled.jpg 1895w\" sizes=\"(max-width: 640px) 100vw, 640px\" \/>\t\t\t\t\t\t\t\t\t\t\t\t\t\t\t<\/div>\n\t\t\t\t<\/div>\n\t\t\t\t\t<\/div>\n\t\t<\/div>\n\t\t\t\t\t\t\t<\/div>\n\t\t<\/section>\n\t\t\t\t<section class=\"elementor-section elementor-top-section elementor-element elementor-element-0fed56b elementor-section-boxed elementor-section-height-default elementor-section-height-default\" data-id=\"0fed56b\" data-element_type=\"section\">\n\t\t\t\t\t\t<div class=\"elementor-container elementor-column-gap-default\">\n\t\t\t\t\t<div class=\"elementor-column elementor-col-100 elementor-top-column elementor-element elementor-element-835876f\" data-id=\"835876f\" data-element_type=\"column\">\n\t\t\t<div class=\"elementor-widget-wrap elementor-element-populated\">\n\t\t\t\t\t\t\t\t<div class=\"elementor-element elementor-element-3430945 elementor-arrows-position-inside elementor-pagination-position-outside elementor-widget elementor-widget-image-carousel\" data-id=\"3430945\" data-element_type=\"widget\" data-settings=\"{&quot;slides_to_show&quot;:&quot;3&quot;,&quot;slides_to_scroll&quot;:&quot;1&quot;,&quot;navigation&quot;:&quot;both&quot;,&quot;autoplay&quot;:&quot;yes&quot;,&quot;pause_on_hover&quot;:&quot;yes&quot;,&quot;pause_on_interaction&quot;:&quot;yes&quot;,&quot;autoplay_speed&quot;:5000,&quot;infinite&quot;:&quot;yes&quot;,&quot;speed&quot;:500}\" data-widget_type=\"image-carousel.default\">\n\t\t\t\t<div class=\"elementor-widget-container\">\n\t\t\t\t\t<div class=\"elementor-image-carousel-wrapper swiper-container\" dir=\"ltr\">\n\t\t\t<div class=\"elementor-image-carousel swiper-wrapper\">\n\t\t\t\t\t\t\t\t<div class=\"swiper-slide\"><figure class=\"swiper-slide-inner\"><img class=\"swiper-slide-image\" src=\"https:\/\/mobilites-loire-authion.fr\/wp-content\/uploads\/2021\/06\/29-mai-V1-2048x1536.jpg\" alt=\"29 mai V1\" \/><\/figure><\/div><div class=\"swiper-slide\"><figure class=\"swiper-slide-inner\"><img class=\"swiper-slide-image\" src=\"https:\/\/mobilites-loire-authion.fr\/wp-content\/uploads\/2021\/06\/29-mai-V2-2048x1536.jpg\" alt=\"29 mai V2\" \/><\/figure><\/div><div class=\"swiper-slide\"><figure class=\"swiper-slide-inner\"><img class=\"swiper-slide-image\" src=\"https:\/\/mobilites-loire-authion.fr\/wp-content\/uploads\/2021\/06\/29-mai-V3-2048x1536.jpg\" alt=\"29 mai V3\" \/><\/figure><\/div><div class=\"swiper-slide\"><figure class=\"swiper-slide-inner\"><img class=\"swiper-slide-image\" src=\"https:\/\/mobilites-loire-authion.fr\/wp-content\/uploads\/2021\/06\/29-mai-V9-2048x1536.jpg\" alt=\"29 mai V9\" \/><\/figure><\/div><div class=\"swiper-slide\"><figure class=\"swiper-slide-inner\"><img class=\"swiper-slide-image\" src=\"https:\/\/mobilites-loire-authion.fr\/wp-content\/uploads\/2021\/06\/29-mai-V4-2048x1536.jpg\" alt=\"Mur du March\u00e9 \/\/ Forum des mobilit\u00e9s\" \/><\/figure><\/div><div class=\"swiper-slide\"><figure class=\"swiper-slide-inner\"><img class=\"swiper-slide-image\" src=\"https:\/\/mobilites-loire-authion.fr\/wp-content\/uploads\/2021\/06\/29-mai-V5-2048x1536.jpg\" alt=\"Ateliers du matin \/\/ Forum des mobilit\u00e9s\" \/><\/figure><\/div><div class=\"swiper-slide\"><figure class=\"swiper-slide-inner\"><img class=\"swiper-slide-image\" src=\"https:\/\/mobilites-loire-authion.fr\/wp-content\/uploads\/2021\/06\/29-mai-V6-2048x1536.jpg\" alt=\"29 mai V6\" \/><\/figure><\/div><div class=\"swiper-slide\"><figure class=\"swiper-slide-inner\"><img class=\"swiper-slide-image\" src=\"https:\/\/mobilites-loire-authion.fr\/wp-content\/uploads\/2021\/06\/29-mai-V7-2048x1536.jpg\" alt=\"29 mai V7\" \/><\/figure><\/div><div class=\"swiper-slide\"><figure class=\"swiper-slide-inner\"><img class=\"swiper-slide-image\" src=\"https:\/\/mobilites-loire-authion.fr\/wp-content\/uploads\/2021\/06\/29-mai-V8-2048x1536.jpg\" alt=\"29 mai V8\" \/><\/figure><\/div><div class=\"swiper-slide\"><figure class=\"swiper-slide-inner\"><img class=\"swiper-slide-image\" src=\"https:\/\/mobilites-loire-authion.fr\/wp-content\/uploads\/2021\/06\/29-mai-V10-2048x1536.jpg\" alt=\"29 mai V10\" \/><\/figure><\/div><div class=\"swiper-slide\"><figure class=\"swiper-slide-inner\"><img class=\"swiper-slide-image\" src=\"https:\/\/mobilites-loire-authion.fr\/wp-content\/uploads\/2021\/06\/29-mai-V11-2048x1536.jpg\" alt=\"rpt\" \/><\/figure><\/div><div class=\"swiper-slide\"><figure class=\"swiper-slide-inner\"><img class=\"swiper-slide-image\" src=\"https:\/\/mobilites-loire-authion.fr\/wp-content\/uploads\/2021\/06\/29-mai-V12-2048x1536.jpg\" alt=\"29 mai V12\" \/><\/figure><\/div><div class=\"swiper-slide\"><figure class=\"swiper-slide-inner\"><img class=\"swiper-slide-image\" src=\"https:\/\/mobilites-loire-authion.fr\/wp-content\/uploads\/2021\/06\/29-mai-V13-2048x1536.jpg\" alt=\"29 mai V13\" \/><\/figure><\/div><div class=\"swiper-slide\"><figure class=\"swiper-slide-inner\"><img class=\"swiper-slide-image\" src=\"https:\/\/mobilites-loire-authion.fr\/wp-content\/uploads\/2021\/06\/29-mai-V14-2048x1536.jpg\" alt=\"Restitution des ateliers \/\/ Forum des mobilit\u00e9s\" \/><\/figure><\/div>\t\t\t<\/div>\n\t\t\t\t\t\t\t\t\t\t\t\t<div class=\"swiper-pagination\"><\/div>\n\t\t\t\t\t\t\t\t\t\t\t\t\t<div class=\"elementor-swiper-button elementor-swiper-button-prev\">\n\t\t\t\t\t\t<i aria-hidden=\"true\" class=\"eicon-chevron-left\"><\/i>\t\t\t\t\t\t<span class=\"elementor-screen-only\">Pr\u00e9c\u00e9dent<\/span>\n\t\t\t\t\t<\/div>\n\t\t\t\t\t<div class=\"elementor-swiper-button elementor-swiper-button-next\">\n\t\t\t\t\t\t<i aria-hidden=\"true\" class=\"eicon-chevron-right\"><\/i>\t\t\t\t\t\t<span class=\"elementor-screen-only\">Suivant<\/span>\n\t\t\t\t\t<\/div>\n\t\t\t\t\t\t\t\t\t<\/div>\n\t\t\t\t<\/div>\n\t\t\t\t<\/div>\n\t\t\t\t\t<\/div>\n\t\t<\/div>\n\t\t\t\t\t\t\t<\/div>\n\t\t<\/section>\n\t\t\t\t<section class=\"elementor-section elementor-top-section elementor-element elementor-element-d13338c elementor-section-boxed elementor-section-height-default elementor-section-height-default\" data-id=\"d13338c\" data-element_type=\"section\">\n\t\t\t\t\t\t<div class=\"elementor-container elementor-column-gap-default\">\n\t\t\t\t\t<div class=\"elementor-column elementor-col-100 elementor-top-column elementor-element elementor-element-bb1cc0d\" data-id=\"bb1cc0d\" data-element_type=\"column\">\n\t\t\t<div class=\"elementor-widget-wrap elementor-element-populated\">\n\t\t\t\t\t\t\t\t<div class=\"elementor-element elementor-element-4a3d9ff elementor-widget elementor-widget-spacer\" data-id=\"4a3d9ff\" data-element_type=\"widget\" data-widget_type=\"spacer.default\">\n\t\t\t\t<div class=\"elementor-widget-container\">\n\t\t\t\t\t<div class=\"elementor-spacer\">\n\t\t\t<div class=\"elementor-spacer-inner\"><\/div>\n\t\t<\/div>\n\t\t\t\t<\/div>\n\t\t\t\t<\/div>\n\t\t\t\t\t<\/div>\n\t\t<\/div>\n\t\t\t\t\t\t\t<\/div>\n\t\t<\/section>\n\t\t\t\t<section class=\"elementor-section elementor-top-section elementor-element elementor-element-2788ffd elementor-section-boxed elementor-section-height-default elementor-section-height-default\" data-id=\"2788ffd\" data-element_type=\"section\">\n\t\t\t\t\t\t<div class=\"elementor-container elementor-column-gap-default\">\n\t\t\t\t\t<div class=\"elementor-column elementor-col-100 elementor-top-column elementor-element elementor-element-327e0dd\" data-id=\"327e0dd\" data-element_type=\"column\">\n\t\t\t<div class=\"elementor-widget-wrap elementor-element-populated\">\n\t\t\t\t\t\t\t\t<div class=\"elementor-element elementor-element-94db3d4 elementor-widget elementor-widget-heading\" data-id=\"94db3d4\" data-element_type=\"widget\" data-widget_type=\"heading.default\">\n\t\t\t\t<div class=\"elementor-widget-container\">\n\t\t\t<h2 class=\"elementor-heading-title elementor-size-default\">Je souhaite recevoir des informations<\/h2>\t\t<\/div>\n\t\t\t\t<\/div>\n\t\t\t\t\t<\/div>\n\t\t<\/div>\n\t\t\t\t\t\t\t<\/div>\n\t\t<\/section>\n\t\t\t\t<section class=\"elementor-section elementor-top-section elementor-element elementor-element-2781838 elementor-section-boxed elementor-section-height-default elementor-section-height-default\" data-id=\"2781838\" data-element_type=\"section\">\n\t\t\t\t\t\t<div class=\"elementor-container elementor-column-gap-default\">\n\t\t\t\t\t<div class=\"elementor-column elementor-col-100 elementor-top-column elementor-element elementor-element-f310024\" data-id=\"f310024\" data-element_type=\"column\">\n\t\t\t<div class=\"elementor-widget-wrap elementor-element-populated\">\n\t\t\t\t\t\t\t\t<div class=\"elementor-element elementor-element-0d4b1eb elementor-widget elementor-widget-wn_contact_form7\" data-id=\"0d4b1eb\" data-element_type=\"widget\" data-widget_type=\"wn_contact_form7.default\">\n\t\t\t\t<div class=\"elementor-widget-container\">\n\t\t\t<div role=\"form\" class=\"wpcf7\" id=\"wpcf7-f13991-o1\" lang=\"fr-FR\" dir=\"ltr\">\n<div class=\"screen-reader-response\"><p role=\"status\" aria-live=\"polite\" aria-atomic=\"true\"><\/p> <ul><\/ul><\/div>\n<form action=\"\/index.php\/wp-json\/wp\/v2\/pages\/13426#wpcf7-f13991-o1\" method=\"post\" class=\"wpcf7-form init\" novalidate=\"novalidate\" data-status=\"init\">\n<div style=\"display: none;\">\n<input type=\"hidden\" name=\"_wpcf7\" value=\"13991\" \/>\n<input type=\"hidden\" name=\"_wpcf7_version\" value=\"5.4\" \/>\n<input type=\"hidden\" name=\"_wpcf7_locale\" value=\"fr_FR\" \/>\n<input type=\"hidden\" name=\"_wpcf7_unit_tag\" value=\"wpcf7-f13991-o1\" \/>\n<input type=\"hidden\" name=\"_wpcf7_container_post\" value=\"0\" \/>\n<input type=\"hidden\" name=\"_wpcf7_posted_data_hash\" value=\"\" \/>\n<\/div>\n<p><label> Votre nom<br \/>\n    <span class=\"wpcf7-form-control-wrap text-7\"><input type=\"text\" name=\"text-7\" value=\"\" size=\"40\" class=\"wpcf7-form-control wpcf7-text wpcf7-validates-as-required\" aria-required=\"true\" aria-invalid=\"false\" \/><\/span><\/label><\/p>\n<p><label> Votre pr\u00e9nom<br \/>\n    <span class=\"wpcf7-form-control-wrap text-980\"><input type=\"text\" name=\"text-980\" value=\"\" size=\"40\" class=\"wpcf7-form-control wpcf7-text wpcf7-validates-as-required\" aria-required=\"true\" aria-invalid=\"false\" \/><\/span><\/label><\/p>\n<p><label> Votre adresse postale (facultatif)<br \/>\n    <span class=\"wpcf7-form-control-wrap textarea-111\"><textarea name=\"textarea-111\" cols=\"40\" rows=\"10\" class=\"wpcf7-form-control wpcf7-textarea\" aria-invalid=\"false\"><\/textarea><\/span><\/label><\/p>\n<p><label> Votre e-mail<br \/>\n    <span class=\"wpcf7-form-control-wrap email-408\"><input type=\"email\" name=\"email-408\" value=\"\" size=\"40\" class=\"wpcf7-form-control wpcf7-text wpcf7-email wpcf7-validates-as-required wpcf7-validates-as-email\" aria-required=\"true\" aria-invalid=\"false\" \/><\/span> <\/label><\/p>\n<p><label> Votre num\u00e9ro de t\u00e9l\u00e9phone<br \/>\n    <span class=\"wpcf7-form-control-wrap tel-875\"><input type=\"tel\" name=\"tel-875\" value=\"\" size=\"40\" class=\"wpcf7-form-control wpcf7-text wpcf7-tel wpcf7-validates-as-required wpcf7-validates-as-tel\" aria-required=\"true\" aria-invalid=\"false\" \/><\/span> <\/label><\/p>\n<p>Je m'inscris pour :<br><br \/>\n<span class=\"wpcf7-form-control-wrap checkbox-839\"><span class=\"wpcf7-form-control wpcf7-checkbox\"><span class=\"wpcf7-list-item first\"><label><input type=\"checkbox\" name=\"checkbox-839[]\" value=\"Recevoir le livre blanc\" \/><span class=\"wpcf7-list-item-label\">Recevoir le livre blanc<\/span><\/label><\/span><span class=\"wpcf7-list-item\"><label><input type=\"checkbox\" name=\"checkbox-839[]\" value=\"Participer au Comit\u00e9 mobilit\u00e9s\" \/><span class=\"wpcf7-list-item-label\">Participer au Comit\u00e9 mobilit\u00e9s<\/span><\/label><\/span><span class=\"wpcf7-list-item last\"><label><input type=\"checkbox\" name=\"checkbox-839[]\" value=\"Recevoir des informations sur les initiatives citoyennes men\u00e9es par Loire-Authion\" \/><span class=\"wpcf7-list-item-label\">Recevoir des informations sur les initiatives citoyennes men\u00e9es par Loire-Authion<\/span><\/label><\/span><\/span><\/span><\/p>\n<p><label> Votre message (facultatif)<br \/>\n    <span class=\"wpcf7-form-control-wrap your-message\"><textarea name=\"your-message\" cols=\"40\" rows=\"10\" class=\"wpcf7-form-control wpcf7-textarea\" aria-invalid=\"false\"><\/textarea><\/span> <\/label><\/p>\n<p><input type=\"submit\" value=\"Envoyer\" class=\"wpcf7-form-control wpcf7-submit\" \/><\/p>\n<div class=\"wpcf7-response-output\" aria-hidden=\"true\"><\/div><\/form><\/div>\t\t<\/div>\n\t\t\t\t<\/div>\n\t\t\t\t\t<\/div>\n\t\t<\/div>\n\t\t\t\t\t\t\t<\/div>\n\t\t<\/section>\n\t\t\t\t\t\t\t<\/div>\n\t\t","protected":false},"excerpt":{"rendered":"<p>Mes mobilit\u00e9s de demain \u00e0 Loire-Authion, on fait quoi ? Retour en images sur le forum ouvert Sur une journ\u00e9e, plus de 100 habitants, associations, entreprises, \u00e9lus et agents de Loire-Authion se sont r\u00e9unis pour imaginer des solutions aux probl\u00e9matiques actuelles. Quelles actions d\u00e9velopper ? Quels transports en commun en 2023 ? Les participants se sont mis en mouvement et en contribution pour discuter des enjeux et d\u00e9gager des pistes de r\u00e9flexion. C&#8217;est quoi un forum ouvert ? Le forum ouvert est une m\u00e9\u00adthode pour r\u00e9fl\u00e9chir ensemble sur des th\u00e9matiques impor\u00adtantes et complexes. Des groupes de 5 \u00e0 300 personnes travaillent ensemble. Les discussions s\u2019orientent naturellement vers la recherche de solutions concr\u00e8tes, inno\u00advantes et pragmatiques. \u00a0Chaque groupe de travail r\u00e9\u00addige un compte-rendu qui est affich\u00e9 imm\u00e9diatement. Le livre blanc, recueil du forum des mobilit\u00e9s Le livre blanc regroupe les productions des groupes de travail r\u00e9unis le 29 mai dernier \u00e0 l\u2019occasion du forum ouvert sur les mobilit\u00e9s. Toutes les id\u00e9es, les discussions et les plans d\u2019actions qui ont \u00e9merg\u00e9s lors de cette journ\u00e9e sont retranscrits dans ce document. Le livre blanc est organis\u00e9 en 3 chapitres, selon les 3 temps forts de la journ\u00e9e : le Mur du March\u00e9, les ateliers du matin et les ateliers de l&#8217;apr\u00e8s-midi. Pour en savoir plus sur le livre blanc et pour le t\u00e9l\u00e9charger&#8230; Pr\u00e9c\u00e9dent Suivant Je souhaite recevoir des informations Votre nom Votre pr\u00e9nom Votre adresse postale (facultatif) Votre e-mail Votre num\u00e9ro de t\u00e9l\u00e9phone Je m&#8217;inscris pour : Recevoir le livre blancRecevoir des informations sur les initiatives citoyennes men\u00e9es par Loire-Authion Votre message (facultatif)<\/p>\n","protected":false},"author":2,"featured_media":0,"parent":0,"menu_order":0,"comment_status":"closed","ping_status":"closed","template":"","meta":[],"_links":{"self":[{"href":"https:\/\/mobilites-loire-authion.fr\/index.php\/wp-json\/wp\/v2\/pages\/13426"}],"collection":[{"href":"https:\/\/mobilites-loire-authion.fr\/index.php\/wp-json\/wp\/v2\/pages"}],"about":[{"href":"https:\/\/mobilites-loire-authion.fr\/index.php\/wp-json\/wp\/v2\/types\/page"}],"author":[{"embeddable":true,"href":"https:\/\/mobilites-loire-authion.fr\/index.php\/wp-json\/wp\/v2\/users\/2"}],"replies":[{"embeddable":true,"href":"https:\/\/mobilites-loire-authion.fr\/index.php\/wp-json\/wp\/v2\/comments?post=13426"}],"version-history":[{"count":137,"href":"https:\/\/mobilites-loire-authion.fr\/index.php\/wp-json\/wp\/v2\/pages\/13426\/revisions"}],"predecessor-version":[{"id":14407,"href":"https:\/\/mobilites-loire-authion.fr\/index.php\/wp-json\/wp\/v2\/pages\/13426\/revisions\/14407"}],"wp:attachment":[{"href":"https:\/\/mobilites-loire-authion.fr\/index.php\/wp-json\/wp\/v2\/media?parent=13426"}],"curies":[{"name":"wp","href":"https:\/\/api.w.org\/{rel}","templated":true}]}}