{"id":13488,"date":"2021-03-16T12:18:33","date_gmt":"2021-03-16T11:18:33","guid":{"rendered":"https:\/\/mobilites-loire-authion.fr\/?page_id=13488"},"modified":"2022-09-08T17:12:26","modified_gmt":"2022-09-08T15:12:26","slug":"agenda","status":"publish","type":"page","link":"https:\/\/mobilites-loire-authion.fr\/index.php\/agenda\/","title":{"rendered":"Agenda"},"content":{"rendered":"\t\t<div data-elementor-type=\"wp-page\" data-elementor-id=\"13488\" class=\"elementor elementor-13488\">\n\t\t\t\t\t\t\t\t\t<section class=\"elementor-section elementor-top-section elementor-element elementor-element-39efa5c elementor-section-boxed elementor-section-height-default elementor-section-height-default\" data-id=\"39efa5c\" data-element_type=\"section\">\n\t\t\t\t\t\t<div class=\"elementor-container elementor-column-gap-default\">\n\t\t\t\t\t<div class=\"elementor-column elementor-col-100 elementor-top-column elementor-element elementor-element-4b12f8f\" data-id=\"4b12f8f\" data-element_type=\"column\">\n\t\t\t<div class=\"elementor-widget-wrap elementor-element-populated\">\n\t\t\t\t\t\t\t\t<div class=\"elementor-element elementor-element-d79ed41 elementor-widget elementor-widget-spacer\" data-id=\"d79ed41\" data-element_type=\"widget\" data-widget_type=\"spacer.default\">\n\t\t\t\t<div class=\"elementor-widget-container\">\n\t\t\t\t\t<div class=\"elementor-spacer\">\n\t\t\t<div class=\"elementor-spacer-inner\"><\/div>\n\t\t<\/div>\n\t\t\t\t<\/div>\n\t\t\t\t<\/div>\n\t\t\t\t<div class=\"elementor-element elementor-element-17e6022 elementor-widget elementor-widget-heading\" data-id=\"17e6022\" data-element_type=\"widget\" data-widget_type=\"heading.default\">\n\t\t\t\t<div class=\"elementor-widget-container\">\n\t\t\t<h2 class=\"elementor-heading-title elementor-size-xxl\">La d\u00e9marche<\/h2>\t\t<\/div>\n\t\t\t\t<\/div>\n\t\t\t\t<div class=\"elementor-element elementor-element-b1d4f2e elementor-widget elementor-widget-spacer\" data-id=\"b1d4f2e\" data-element_type=\"widget\" data-widget_type=\"spacer.default\">\n\t\t\t\t<div class=\"elementor-widget-container\">\n\t\t\t\t\t<div class=\"elementor-spacer\">\n\t\t\t<div class=\"elementor-spacer-inner\"><\/div>\n\t\t<\/div>\n\t\t\t\t<\/div>\n\t\t\t\t<\/div>\n\t\t\t\t<div class=\"elementor-element elementor-element-23ff5bc elementor-widget elementor-widget-spacer\" data-id=\"23ff5bc\" data-element_type=\"widget\" data-widget_type=\"spacer.default\">\n\t\t\t\t<div class=\"elementor-widget-container\">\n\t\t\t\t\t<div class=\"elementor-spacer\">\n\t\t\t<div class=\"elementor-spacer-inner\"><\/div>\n\t\t<\/div>\n\t\t\t\t<\/div>\n\t\t\t\t<\/div>\n\t\t\t\t\t<\/div>\n\t\t<\/div>\n\t\t\t\t\t\t\t<\/div>\n\t\t<\/section>\n\t\t\t\t<section class=\"elementor-section elementor-top-section elementor-element elementor-element-8e062aa elementor-section-boxed elementor-section-height-default elementor-section-height-default\" data-id=\"8e062aa\" data-element_type=\"section\">\n\t\t\t\t\t\t<div class=\"elementor-container elementor-column-gap-default\">\n\t\t\t\t\t<div class=\"elementor-column elementor-col-100 elementor-top-column elementor-element elementor-element-00f4f62\" data-id=\"00f4f62\" data-element_type=\"column\">\n\t\t\t<div class=\"elementor-widget-wrap elementor-element-populated\">\n\t\t\t\t\t\t\t\t<div class=\"elementor-element elementor-element-cc6a83d elementor-widget elementor-widget-schedule\" data-id=\"cc6a83d\" data-element_type=\"widget\" data-widget_type=\"schedule.default\">\n\t\t\t\t<div class=\"elementor-widget-container\">\n\t\t\t\n\t\t<div class=\"wn-schedule-wrap  \"  >\n\t\t\t<div class=\"wn-schedule-box\">\n\t\t\t\t<div class=\"wn-schedule-date w-s-date-start\">du 8 avril 2021<\/div><div class=\"wn-schedule-event\"><div class=\"wn-schedule-time\">8 avril 2021 \u00e0 19h<\/div><div class=\"wn-schedule-content\"><div class=\"wn-schedule-title\"><a href=\"https:\/\/mobilites-loire-authion.fr\/index.php\/8-avril-conference-de-lancement\/\"a>Transition \u00e9cologique et mobilit\u00e9, quels enjeux soci\u00e9taux ? <\/a><\/div><\/div><\/div><div class=\"wn-schedule-event\"><div class=\"wn-schedule-time\">17 avril 2021 \u00e0 10h<\/div><div class=\"wn-schedule-content\"><div class=\"wn-schedule-title\"> <a href=\"https:\/\/mobilites-loire-authion.fr\/index.php\/17-avril-table-ronde-avec-les-elus\/\"a>Angers Loire M\u00e9tropole et Loire-Authion, le point sur les mobilit\u00e9s<\/a><\/div><\/div><\/div><div class=\"wn-schedule-event\"><div class=\"wn-schedule-time\">20 mai 2021 \u00e0 20h<\/div><div class=\"wn-schedule-content\"><div class=\"wn-schedule-title\"><a href=\"https:\/\/mobilites-loire-authion.fr\/index.php\/20-mai-a-20h-rencontre-ouverte-a-tous-les-habitants\/\"a>Les mobilit\u00e9s \u00e0 Loire-Authion, o\u00f9 en est-on ? <\/a><\/div><\/div><\/div><div class=\"wn-schedule-event\"><div class=\"wn-schedule-time\">29 mai 2021 \u00e0 9h30<\/div><div class=\"wn-schedule-content\"><div class=\"wn-schedule-title\"> <a href=\"https:\/\/mobilites-loire-authion.fr\/index.php\/29-mai-forum-ouvert\/\"a>Forum ouvert, mes mobilit\u00e9s demain \u00e0 Loire-Authion<\/a><\/div><\/div><\/div><div class=\"wn-schedule-event\"><div class=\"wn-schedule-time\">Automne 2021<\/div><div class=\"wn-schedule-content\"><div class=\"wn-schedule-title\"> <a href=\"https:\/\/mobilites-loire-authion.fr\/index.php\/publication-du-livre-blanc\/\"a>Publication du livre blanc<\/a<\/div><\/div><\/div><div class=\"wn-schedule-event\"><div class=\"wn-schedule-time\">20 novembre 2021<\/div><div class=\"wn-schedule-content\"><div class=\"wn-schedule-title\"><a href=\"https:\/\/mobilites-loire-authion.fr\/index.php\/20-novembre-2021-samedi-tous-citoyens\/\"a>Samedi Tous citoyens<a><\/div><\/div><\/div><div class=\"wn-schedule-event\"><div class=\"wn-schedule-time\">Septembre 2022<\/div><div class=\"wn-schedule-content\"><div class=\"wn-schedule-title\"><a href=\"https:\/\/mobilites-loire-authion.fr\/index.php\/covoiturage-evenementiel\/\"a>Lancement du covoiturage \u00e9v\u00e9nementiel<\/a<\/div><\/div><\/div><div class=\"wn-schedule-event\"><div class=\"wn-schedule-time\">7 novembre 2022<\/div><div class=\"wn-schedule-content\"><div class=\"wn-schedule-title\"> <a href=\"https:\/\/mobilites-loire-authion.fr\/index.php\/comite-mobilite\/\"a>Cr\u00e9ation du Comit\u00e9 mobilit\u00e9s<\/aCr\u00e9ation du Comit\u00e9 mobilit\u00e9s<\/div><\/div><\/div><div class=\"wn-schedule-event\"><div class=\"wn-schedule-time\">26 novembre 2022<\/div><div class=\"wn-schedule-content\"><div class=\"wn-schedule-title\"><a href=\"https:\/\/mobilites-loire-authion.fr\/index.php\/26-novembre-2022-samedi-tous-citoyens\/\"a>Samedi Tous citoyens<\/a<\/div><\/div><\/div>\n\t\t\t\t<div class=\"wn-schedule-date w-s-date-end\">2026<\/div>\n\t\t\t<\/div>\n\t\t<\/div>\t\t<\/div>\n\t\t\t\t<\/div>\n\t\t\t\t\t<\/div>\n\t\t<\/div>\n\t\t\t\t\t\t\t<\/div>\n\t\t<\/section>\n\t\t\t\t<section class=\"elementor-section elementor-top-section elementor-element elementor-element-240de86 elementor-section-boxed elementor-section-height-default elementor-section-height-default\" data-id=\"240de86\" data-element_type=\"section\">\n\t\t\t\t\t\t<div class=\"elementor-container elementor-column-gap-default\">\n\t\t\t\t\t<div class=\"elementor-column elementor-col-100 elementor-top-column elementor-element elementor-element-3dc6873\" data-id=\"3dc6873\" data-element_type=\"column\">\n\t\t\t<div class=\"elementor-widget-wrap\">\n\t\t\t\t\t\t\t\t\t<\/div>\n\t\t<\/div>\n\t\t\t\t\t\t\t<\/div>\n\t\t<\/section>\n\t\t\t\t\t\t\t<\/div>\n\t\t","protected":false},"excerpt":{"rendered":"<p>La d\u00e9marche du 8 avril 20218 avril 2021 \u00e0 19hTransition \u00e9cologique et mobilit\u00e9, quels enjeux soci\u00e9taux ? 17 avril 2021 \u00e0 10h Angers Loire M\u00e9tropole et Loire-Authion, le point sur les mobilit\u00e9s20 mai 2021 \u00e0 20hLes mobilit\u00e9s \u00e0 Loire-Authion, o\u00f9 en est-on ? 29 mai 2021 \u00e0 9h30 Forum ouvert, mes mobilit\u00e9s demain \u00e0 Loire-AuthionAutomne 2021 Publication du livre blanc<\/p>\n","protected":false},"author":2,"featured_media":0,"parent":0,"menu_order":0,"comment_status":"closed","ping_status":"closed","template":"","meta":[],"_links":{"self":[{"href":"https:\/\/mobilites-loire-authion.fr\/index.php\/wp-json\/wp\/v2\/pages\/13488"}],"collection":[{"href":"https:\/\/mobilites-loire-authion.fr\/index.php\/wp-json\/wp\/v2\/pages"}],"about":[{"href":"https:\/\/mobilites-loire-authion.fr\/index.php\/wp-json\/wp\/v2\/types\/page"}],"author":[{"embeddable":true,"href":"https:\/\/mobilites-loire-authion.fr\/index.php\/wp-json\/wp\/v2\/users\/2"}],"replies":[{"embeddable":true,"href":"https:\/\/mobilites-loire-authion.fr\/index.php\/wp-json\/wp\/v2\/comments?post=13488"}],"version-history":[{"count":56,"href":"https:\/\/mobilites-loire-authion.fr\/index.php\/wp-json\/wp\/v2\/pages\/13488\/revisions"}],"predecessor-version":[{"id":14610,"href":"https:\/\/mobilites-loire-authion.fr\/index.php\/wp-json\/wp\/v2\/pages\/13488\/revisions\/14610"}],"wp:attachment":[{"href":"https:\/\/mobilites-loire-authion.fr\/index.php\/wp-json\/wp\/v2\/media?parent=13488"}],"curies":[{"name":"wp","href":"https:\/\/api.w.org\/{rel}","templated":true}]}}