{"id":14353,"date":"2021-12-10T09:35:06","date_gmt":"2021-12-10T08:35:06","guid":{"rendered":"https:\/\/mobilites-loire-authion.fr\/?page_id=14353"},"modified":"2021-12-10T10:46:19","modified_gmt":"2021-12-10T09:46:19","slug":"publication-du-livre-blanc","status":"publish","type":"page","link":"https:\/\/mobilites-loire-authion.fr\/index.php\/publication-du-livre-blanc\/","title":{"rendered":"Automne 2021 \/\/ Un livre blanc pour les mobilit\u00e9s"},"content":{"rendered":"\t\t<div data-elementor-type=\"wp-page\" data-elementor-id=\"14353\" class=\"elementor elementor-14353\">\n\t\t\t\t\t\t\t\t\t<section class=\"elementor-section elementor-top-section elementor-element elementor-element-9ec4856 elementor-section-boxed elementor-section-height-default elementor-section-height-default\" data-id=\"9ec4856\" data-element_type=\"section\">\n\t\t\t\t\t\t<div class=\"elementor-container elementor-column-gap-default\">\n\t\t\t\t\t<div class=\"elementor-column elementor-col-100 elementor-top-column elementor-element elementor-element-f40410a\" data-id=\"f40410a\" data-element_type=\"column\">\n\t\t\t<div class=\"elementor-widget-wrap elementor-element-populated\">\n\t\t\t\t\t\t\t\t<div class=\"elementor-element elementor-element-cbae413 elementor-widget elementor-widget-heading\" data-id=\"cbae413\" data-element_type=\"widget\" data-widget_type=\"heading.default\">\n\t\t\t\t<div class=\"elementor-widget-container\">\n\t\t\t<h2 class=\"elementor-heading-title elementor-size-default\">Le livre blanc, recueil du forum des mobilit\u00e9s !<\/h2>\t\t<\/div>\n\t\t\t\t<\/div>\n\t\t\t\t<div class=\"elementor-element elementor-element-04d5cf6 elementor-widget elementor-widget-spacer\" data-id=\"04d5cf6\" data-element_type=\"widget\" data-widget_type=\"spacer.default\">\n\t\t\t\t<div class=\"elementor-widget-container\">\n\t\t\t\t\t<div class=\"elementor-spacer\">\n\t\t\t<div class=\"elementor-spacer-inner\"><\/div>\n\t\t<\/div>\n\t\t\t\t<\/div>\n\t\t\t\t<\/div>\n\t\t\t\t\t<\/div>\n\t\t<\/div>\n\t\t\t\t\t\t\t<\/div>\n\t\t<\/section>\n\t\t\t\t<section class=\"elementor-section elementor-top-section elementor-element elementor-element-57fc2f9 elementor-section-boxed elementor-section-height-default elementor-section-height-default\" data-id=\"57fc2f9\" data-element_type=\"section\">\n\t\t\t\t\t\t<div class=\"elementor-container elementor-column-gap-default\">\n\t\t\t\t\t<div class=\"elementor-column elementor-col-50 elementor-top-column elementor-element elementor-element-4788304\" data-id=\"4788304\" data-element_type=\"column\">\n\t\t\t<div class=\"elementor-widget-wrap elementor-element-populated\">\n\t\t\t\t\t\t\t\t<div class=\"elementor-element elementor-element-515e939 elementor-widget elementor-widget-image\" data-id=\"515e939\" data-element_type=\"widget\" data-widget_type=\"image.default\">\n\t\t\t\t<div class=\"elementor-widget-container\">\n\t\t\t\t\t\t\t\t\t\t\t\t\t\t\t<img width=\"640\" height=\"865\" src=\"https:\/\/mobilites-loire-authion.fr\/wp-content\/uploads\/2021\/12\/Couverture-du-livre-blanc-758x1024.jpg\" class=\"attachment-large size-large\" alt=\"Livre blanc sur les mobilit\u00e9s\" loading=\"lazy\" srcset=\"https:\/\/mobilites-loire-authion.fr\/wp-content\/uploads\/2021\/12\/Couverture-du-livre-blanc-758x1024.jpg 758w, https:\/\/mobilites-loire-authion.fr\/wp-content\/uploads\/2021\/12\/Couverture-du-livre-blanc-222x300.jpg 222w, https:\/\/mobilites-loire-authion.fr\/wp-content\/uploads\/2021\/12\/Couverture-du-livre-blanc-768x1037.jpg 768w, https:\/\/mobilites-loire-authion.fr\/wp-content\/uploads\/2021\/12\/Couverture-du-livre-blanc-1137x1536.jpg 1137w, https:\/\/mobilites-loire-authion.fr\/wp-content\/uploads\/2021\/12\/Couverture-du-livre-blanc-1516x2048.jpg 1516w, https:\/\/mobilites-loire-authion.fr\/wp-content\/uploads\/2021\/12\/Couverture-du-livre-blanc-scaled.jpg 1895w\" sizes=\"(max-width: 640px) 100vw, 640px\" \/>\t\t\t\t\t\t\t\t\t\t\t\t\t\t\t<\/div>\n\t\t\t\t<\/div>\n\t\t\t\t\t<\/div>\n\t\t<\/div>\n\t\t\t\t<div class=\"elementor-column elementor-col-50 elementor-top-column elementor-element elementor-element-c27360e\" data-id=\"c27360e\" data-element_type=\"column\">\n\t\t\t<div class=\"elementor-widget-wrap elementor-element-populated\">\n\t\t\t\t\t\t\t\t<div class=\"elementor-element elementor-element-bb36e5b elementor-widget elementor-widget-text-editor\" data-id=\"bb36e5b\" data-element_type=\"widget\" data-widget_type=\"text-editor.default\">\n\t\t\t\t<div class=\"elementor-widget-container\">\n\t\t\t\t\t\t\t<p>Le livre blanc regroupe les productions des groupes de travail r\u00e9unis le 29 mai dernier \u00e0 l\u2019occasion du forum ouvert sur les mobilit\u00e9s. Toutes les id\u00e9es, les discussions et les plans d\u2019actions qui ont \u00e9merg\u00e9s lors de cette journ\u00e9e sont retranscrits dans ce document. Le livre blanc est organis\u00e9 en 3 chapitres, selon les 3 temps forts de la journ\u00e9e : le Mur du March\u00e9, les ateliers du matin et les ateliers de l&#8217;apr\u00e8s-midi.<\/p><p><a href=\"https:\/\/mobilites-loire-authion.fr\/wp-content\/uploads\/2021\/12\/Livre-blanc.pdf\" target=\"_blank\" rel=\"noopener\">T\u00e9l\u00e9charger le livre blanc<\/a><\/p>\t\t\t\t\t\t<\/div>\n\t\t\t\t<\/div>\n\t\t\t\t\t<\/div>\n\t\t<\/div>\n\t\t\t\t\t\t\t<\/div>\n\t\t<\/section>\n\t\t\t\t<section class=\"elementor-section elementor-top-section elementor-element elementor-element-26ccc8a elementor-section-boxed elementor-section-height-default elementor-section-height-default\" data-id=\"26ccc8a\" data-element_type=\"section\">\n\t\t\t\t\t\t<div class=\"elementor-container elementor-column-gap-default\">\n\t\t\t\t\t<div class=\"elementor-column elementor-col-100 elementor-top-column elementor-element elementor-element-48f565f\" data-id=\"48f565f\" data-element_type=\"column\">\n\t\t\t<div class=\"elementor-widget-wrap elementor-element-populated\">\n\t\t\t\t\t\t\t\t<div class=\"elementor-element elementor-element-6b34c7d elementor-widget elementor-widget-spacer\" data-id=\"6b34c7d\" data-element_type=\"widget\" data-widget_type=\"spacer.default\">\n\t\t\t\t<div class=\"elementor-widget-container\">\n\t\t\t\t\t<div class=\"elementor-spacer\">\n\t\t\t<div class=\"elementor-spacer-inner\"><\/div>\n\t\t<\/div>\n\t\t\t\t<\/div>\n\t\t\t\t<\/div>\n\t\t\t\t\t<\/div>\n\t\t<\/div>\n\t\t\t\t\t\t\t<\/div>\n\t\t<\/section>\n\t\t\t\t<section class=\"elementor-section elementor-top-section elementor-element elementor-element-b77f5c2 elementor-section-boxed elementor-section-height-default elementor-section-height-default\" data-id=\"b77f5c2\" data-element_type=\"section\">\n\t\t\t\t\t\t<div class=\"elementor-container elementor-column-gap-default\">\n\t\t\t\t\t<div class=\"elementor-column elementor-col-50 elementor-top-column elementor-element elementor-element-e81b3e9\" data-id=\"e81b3e9\" data-element_type=\"column\">\n\t\t\t<div class=\"elementor-widget-wrap elementor-element-populated\">\n\t\t\t\t\t\t\t\t<div class=\"elementor-element elementor-element-d533e74 elementor-widget elementor-widget-spacer\" data-id=\"d533e74\" data-element_type=\"widget\" data-widget_type=\"spacer.default\">\n\t\t\t\t<div class=\"elementor-widget-container\">\n\t\t\t\t\t<div class=\"elementor-spacer\">\n\t\t\t<div class=\"elementor-spacer-inner\"><\/div>\n\t\t<\/div>\n\t\t\t\t<\/div>\n\t\t\t\t<\/div>\n\t\t\t\t<div class=\"elementor-element elementor-element-ece493a elementor-widget elementor-widget-text-editor\" data-id=\"ece493a\" data-element_type=\"widget\" data-widget_type=\"text-editor.default\">\n\t\t\t\t<div class=\"elementor-widget-container\">\n\t\t\t\t\t\t\t<h3>Chapitre 1 \/\/ Le Mur du March\u00e9 : toutes les id\u00e9es<\/h3><p>En d\u00e9but de matin\u00e9e, des propositions d\u2019actions concr\u00e8tes ont \u00e9t\u00e9 exprim\u00e9es et regroup\u00e9es dans l\u2019un des trois axes suivants : \u00ab aller au travail \u00bb, \u00ab la place du v\u00e9lo et des modes alternatifs \u00e0 la voiture \u00bb et \u00ab les transports ponctuels au sein du territoire \u00bb. Toutes les propositions ont \u00e9t\u00e9 ensuite affich\u00e9es et consult\u00e9es par les participants.<\/p>\t\t\t\t\t\t<\/div>\n\t\t\t\t<\/div>\n\t\t\t\t\t<\/div>\n\t\t<\/div>\n\t\t\t\t<div class=\"elementor-column elementor-col-50 elementor-top-column elementor-element elementor-element-1f4ced3\" data-id=\"1f4ced3\" data-element_type=\"column\">\n\t\t\t<div class=\"elementor-widget-wrap elementor-element-populated\">\n\t\t\t\t\t\t\t\t<div class=\"elementor-element elementor-element-48957d7 elementor-widget elementor-widget-image\" data-id=\"48957d7\" data-element_type=\"widget\" data-widget_type=\"image.default\">\n\t\t\t\t<div class=\"elementor-widget-container\">\n\t\t\t\t\t\t\t\t\t\t\t\t\t\t\t<img width=\"640\" height=\"480\" src=\"https:\/\/mobilites-loire-authion.fr\/wp-content\/uploads\/2021\/06\/29-mai-V4-1024x768.jpg\" class=\"attachment-large size-large\" alt=\"Mur du March\u00e9 \/\/ Forum des mobilit\u00e9s\" loading=\"lazy\" srcset=\"https:\/\/mobilites-loire-authion.fr\/wp-content\/uploads\/2021\/06\/29-mai-V4-1024x768.jpg 1024w, https:\/\/mobilites-loire-authion.fr\/wp-content\/uploads\/2021\/06\/29-mai-V4-300x225.jpg 300w, https:\/\/mobilites-loire-authion.fr\/wp-content\/uploads\/2021\/06\/29-mai-V4-768x576.jpg 768w, https:\/\/mobilites-loire-authion.fr\/wp-content\/uploads\/2021\/06\/29-mai-V4-1536x1152.jpg 1536w, https:\/\/mobilites-loire-authion.fr\/wp-content\/uploads\/2021\/06\/29-mai-V4-2048x1536.jpg 2048w\" sizes=\"(max-width: 640px) 100vw, 640px\" \/>\t\t\t\t\t\t\t\t\t\t\t\t\t\t\t<\/div>\n\t\t\t\t<\/div>\n\t\t\t\t\t<\/div>\n\t\t<\/div>\n\t\t\t\t\t\t\t<\/div>\n\t\t<\/section>\n\t\t\t\t<section class=\"elementor-section elementor-top-section elementor-element elementor-element-21774c7 elementor-section-boxed elementor-section-height-default elementor-section-height-default\" data-id=\"21774c7\" data-element_type=\"section\">\n\t\t\t\t\t\t<div class=\"elementor-container elementor-column-gap-default\">\n\t\t\t\t\t<div class=\"elementor-column elementor-col-100 elementor-top-column elementor-element elementor-element-0b4a4d1\" data-id=\"0b4a4d1\" data-element_type=\"column\">\n\t\t\t<div class=\"elementor-widget-wrap elementor-element-populated\">\n\t\t\t\t\t\t\t\t<div class=\"elementor-element elementor-element-ac81d97 elementor-widget elementor-widget-spacer\" data-id=\"ac81d97\" data-element_type=\"widget\" data-widget_type=\"spacer.default\">\n\t\t\t\t<div class=\"elementor-widget-container\">\n\t\t\t\t\t<div class=\"elementor-spacer\">\n\t\t\t<div class=\"elementor-spacer-inner\"><\/div>\n\t\t<\/div>\n\t\t\t\t<\/div>\n\t\t\t\t<\/div>\n\t\t\t\t\t<\/div>\n\t\t<\/div>\n\t\t\t\t\t\t\t<\/div>\n\t\t<\/section>\n\t\t\t\t<section class=\"elementor-section elementor-top-section elementor-element elementor-element-71c355f elementor-section-boxed elementor-section-height-default elementor-section-height-default\" data-id=\"71c355f\" data-element_type=\"section\">\n\t\t\t\t\t\t<div class=\"elementor-container elementor-column-gap-default\">\n\t\t\t\t\t<div class=\"elementor-column elementor-col-50 elementor-top-column elementor-element elementor-element-00b80fb\" data-id=\"00b80fb\" data-element_type=\"column\">\n\t\t\t<div class=\"elementor-widget-wrap elementor-element-populated\">\n\t\t\t\t\t\t\t\t<div class=\"elementor-element elementor-element-daa1f31 elementor-widget elementor-widget-image\" data-id=\"daa1f31\" data-element_type=\"widget\" data-widget_type=\"image.default\">\n\t\t\t\t<div class=\"elementor-widget-container\">\n\t\t\t\t\t\t\t\t\t\t\t\t\t\t\t<img width=\"640\" height=\"480\" src=\"https:\/\/mobilites-loire-authion.fr\/wp-content\/uploads\/2021\/06\/29-mai-V5-1024x768.jpg\" class=\"attachment-large size-large\" alt=\"\" loading=\"lazy\" srcset=\"https:\/\/mobilites-loire-authion.fr\/wp-content\/uploads\/2021\/06\/29-mai-V5-1024x768.jpg 1024w, https:\/\/mobilites-loire-authion.fr\/wp-content\/uploads\/2021\/06\/29-mai-V5-300x225.jpg 300w, https:\/\/mobilites-loire-authion.fr\/wp-content\/uploads\/2021\/06\/29-mai-V5-768x576.jpg 768w, https:\/\/mobilites-loire-authion.fr\/wp-content\/uploads\/2021\/06\/29-mai-V5-1536x1152.jpg 1536w, https:\/\/mobilites-loire-authion.fr\/wp-content\/uploads\/2021\/06\/29-mai-V5-2048x1536.jpg 2048w\" sizes=\"(max-width: 640px) 100vw, 640px\" \/>\t\t\t\t\t\t\t\t\t\t\t\t\t\t\t<\/div>\n\t\t\t\t<\/div>\n\t\t\t\t\t<\/div>\n\t\t<\/div>\n\t\t\t\t<div class=\"elementor-column elementor-col-50 elementor-top-column elementor-element elementor-element-913bbc5\" data-id=\"913bbc5\" data-element_type=\"column\">\n\t\t\t<div class=\"elementor-widget-wrap elementor-element-populated\">\n\t\t\t\t\t\t\t\t<div class=\"elementor-element elementor-element-b7cbe6f elementor-widget elementor-widget-text-editor\" data-id=\"b7cbe6f\" data-element_type=\"widget\" data-widget_type=\"text-editor.default\">\n\t\t\t\t<div class=\"elementor-widget-container\">\n\t\t\t\t\t\t\t<h3>Chapitre 2 \/\/ Ateliers du matin : discussions autour de th\u00e9matiques<\/h3><p>En fin de matin\u00e9e, des groupes de discussion se sont constitu\u00e9s en fonction de centres d\u2019int\u00e9r\u00eat et des envies de creuser certains sujets :<\/p><ul><li>Les d\u00e9placements de l\u2019enfant ;<\/li><li>Am\u00e9liorer, d\u00e9velopper et s\u00e9curiser les liaisons en v\u00e9lo ;<\/li><li>Transport et travail ;<\/li><li>Faciliter l\u2019acc\u00e8s au train et d\u00e9velopper l\u2019intermodalit\u00e9 ;<\/li><li>Les d\u00e9placements des personnes \u00e0 mobilit\u00e9 r\u00e9duite ;<\/li><li>Les transports en commun ;<\/li><li>Les transports entre les communes d\u00e9l\u00e9gu\u00e9es ;<\/li><li>Les pistes cyclables ;<\/li><li>Le covoiturage et l\u2019autostop participatif ;<\/li><li>Les infrastructures routi\u00e8res.<\/li><\/ul>\t\t\t\t\t\t<\/div>\n\t\t\t\t<\/div>\n\t\t\t\t\t<\/div>\n\t\t<\/div>\n\t\t\t\t\t\t\t<\/div>\n\t\t<\/section>\n\t\t\t\t<section class=\"elementor-section elementor-top-section elementor-element elementor-element-2bc3e74 elementor-section-boxed elementor-section-height-default elementor-section-height-default\" data-id=\"2bc3e74\" data-element_type=\"section\">\n\t\t\t\t\t\t<div class=\"elementor-container elementor-column-gap-default\">\n\t\t\t\t\t<div class=\"elementor-column elementor-col-100 elementor-top-column elementor-element elementor-element-bac554d\" data-id=\"bac554d\" data-element_type=\"column\">\n\t\t\t<div class=\"elementor-widget-wrap elementor-element-populated\">\n\t\t\t\t\t\t\t\t<div class=\"elementor-element elementor-element-57f8925 elementor-widget elementor-widget-spacer\" data-id=\"57f8925\" data-element_type=\"widget\" data-widget_type=\"spacer.default\">\n\t\t\t\t<div class=\"elementor-widget-container\">\n\t\t\t\t\t<div class=\"elementor-spacer\">\n\t\t\t<div class=\"elementor-spacer-inner\"><\/div>\n\t\t<\/div>\n\t\t\t\t<\/div>\n\t\t\t\t<\/div>\n\t\t\t\t\t<\/div>\n\t\t<\/div>\n\t\t\t\t\t\t\t<\/div>\n\t\t<\/section>\n\t\t\t\t<section class=\"elementor-section elementor-top-section elementor-element elementor-element-7283410 elementor-section-boxed elementor-section-height-default elementor-section-height-default\" data-id=\"7283410\" data-element_type=\"section\">\n\t\t\t\t\t\t<div class=\"elementor-container elementor-column-gap-default\">\n\t\t\t\t\t<div class=\"elementor-column elementor-col-50 elementor-top-column elementor-element elementor-element-a6fda17\" data-id=\"a6fda17\" data-element_type=\"column\">\n\t\t\t<div class=\"elementor-widget-wrap elementor-element-populated\">\n\t\t\t\t\t\t\t\t<div class=\"elementor-element elementor-element-561c65e elementor-widget elementor-widget-spacer\" data-id=\"561c65e\" data-element_type=\"widget\" data-widget_type=\"spacer.default\">\n\t\t\t\t<div class=\"elementor-widget-container\">\n\t\t\t\t\t<div class=\"elementor-spacer\">\n\t\t\t<div class=\"elementor-spacer-inner\"><\/div>\n\t\t<\/div>\n\t\t\t\t<\/div>\n\t\t\t\t<\/div>\n\t\t\t\t<div class=\"elementor-element elementor-element-fa628b2 elementor-widget elementor-widget-text-editor\" data-id=\"fa628b2\" data-element_type=\"widget\" data-widget_type=\"text-editor.default\">\n\t\t\t\t<div class=\"elementor-widget-container\">\n\t\t\t\t\t\t\t<h3>Chapitre 3 \/\/ Ateliers de l\u2019apr\u00e8s-midi : plan d\u2019actions<\/h3><p>Apr\u00e8s la pause m\u00e9ridienne, le travail a continu\u00e9 par l\u2019approfondissement des sujets trait\u00e9s le matin et l\u2019\u00e9laboration de \u00ab fiches projet \u00bb avec une premi\u00e8re \u00e9bauche des actions \u00e0 mettre en place. La journ\u00e9e s\u2019est conclue avec une pr\u00e9sentation originale des travaux effectu\u00e9s par chaque groupe.<\/p>\t\t\t\t\t\t<\/div>\n\t\t\t\t<\/div>\n\t\t\t\t\t<\/div>\n\t\t<\/div>\n\t\t\t\t<div class=\"elementor-column elementor-col-50 elementor-top-column elementor-element elementor-element-a961c7e\" data-id=\"a961c7e\" data-element_type=\"column\">\n\t\t\t<div class=\"elementor-widget-wrap elementor-element-populated\">\n\t\t\t\t\t\t\t\t<div class=\"elementor-element elementor-element-67958c3 elementor-widget elementor-widget-image\" data-id=\"67958c3\" data-element_type=\"widget\" data-widget_type=\"image.default\">\n\t\t\t\t<div class=\"elementor-widget-container\">\n\t\t\t\t\t\t\t\t\t\t\t\t\t\t\t<img width=\"640\" height=\"480\" src=\"https:\/\/mobilites-loire-authion.fr\/wp-content\/uploads\/2021\/06\/29-mai-V14-1024x768.jpg\" class=\"attachment-large size-large\" alt=\"\" loading=\"lazy\" srcset=\"https:\/\/mobilites-loire-authion.fr\/wp-content\/uploads\/2021\/06\/29-mai-V14-1024x768.jpg 1024w, https:\/\/mobilites-loire-authion.fr\/wp-content\/uploads\/2021\/06\/29-mai-V14-300x225.jpg 300w, https:\/\/mobilites-loire-authion.fr\/wp-content\/uploads\/2021\/06\/29-mai-V14-768x576.jpg 768w, https:\/\/mobilites-loire-authion.fr\/wp-content\/uploads\/2021\/06\/29-mai-V14-1536x1152.jpg 1536w, https:\/\/mobilites-loire-authion.fr\/wp-content\/uploads\/2021\/06\/29-mai-V14-2048x1536.jpg 2048w\" sizes=\"(max-width: 640px) 100vw, 640px\" \/>\t\t\t\t\t\t\t\t\t\t\t\t\t\t\t<\/div>\n\t\t\t\t<\/div>\n\t\t\t\t\t<\/div>\n\t\t<\/div>\n\t\t\t\t\t\t\t<\/div>\n\t\t<\/section>\n\t\t\t\t\t\t\t<\/div>\n\t\t","protected":false},"excerpt":{"rendered":"<p>Le livre blanc, recueil du forum des mobilit\u00e9s ! Le livre blanc regroupe les productions des groupes de travail r\u00e9unis le 29 mai dernier \u00e0 l\u2019occasion du forum ouvert sur les mobilit\u00e9s. Toutes les id\u00e9es, les discussions et les plans d\u2019actions qui ont \u00e9merg\u00e9s lors de cette journ\u00e9e sont retranscrits dans ce document. Le livre blanc est organis\u00e9 en 3 chapitres, selon les 3 temps forts de la journ\u00e9e : le Mur du March\u00e9, les ateliers du matin et les ateliers de l&#8217;apr\u00e8s-midi. T\u00e9l\u00e9charger le livre blanc Chapitre 1 \/\/ Le Mur du March\u00e9 : toutes les id\u00e9es En d\u00e9but de matin\u00e9e, des propositions d\u2019actions concr\u00e8tes ont \u00e9t\u00e9 exprim\u00e9es et regroup\u00e9es dans l\u2019un des trois axes suivants : \u00ab aller au travail \u00bb, \u00ab la place du v\u00e9lo et des modes alternatifs \u00e0 la voiture \u00bb et \u00ab les transports ponctuels au sein du territoire \u00bb. Toutes les propositions ont \u00e9t\u00e9 ensuite affich\u00e9es et consult\u00e9es par les participants. Chapitre 2 \/\/ Ateliers du matin : discussions autour de th\u00e9matiques En fin de matin\u00e9e, des groupes de discussion se sont constitu\u00e9s en fonction de centres d\u2019int\u00e9r\u00eat et des envies de creuser certains sujets : Les d\u00e9placements de l\u2019enfant ; Am\u00e9liorer, d\u00e9velopper et s\u00e9curiser les liaisons en v\u00e9lo ; Transport et travail ; Faciliter l\u2019acc\u00e8s au train et d\u00e9velopper l\u2019intermodalit\u00e9 ; Les d\u00e9placements des personnes \u00e0 mobilit\u00e9 r\u00e9duite ; Les transports en commun ; Les transports entre les communes d\u00e9l\u00e9gu\u00e9es ; Les pistes cyclables ; Le covoiturage et l\u2019autostop participatif ; Les infrastructures routi\u00e8res. Chapitre 3 \/\/ Ateliers de l\u2019apr\u00e8s-midi : plan d\u2019actions Apr\u00e8s la pause m\u00e9ridienne, le travail a continu\u00e9 par l\u2019approfondissement des sujets trait\u00e9s le matin et l\u2019\u00e9laboration de \u00ab fiches projet \u00bb avec une premi\u00e8re \u00e9bauche des actions \u00e0 mettre en place. La journ\u00e9e s\u2019est conclue avec une pr\u00e9sentation&#8230; <\/p>\n<p><a class=\"readmore\" href=\"https:\/\/mobilites-loire-authion.fr\/index.php\/publication-du-livre-blanc\/\">Continue Reading<\/a><\/p>\n","protected":false},"author":2,"featured_media":0,"parent":0,"menu_order":0,"comment_status":"closed","ping_status":"closed","template":"","meta":[],"_links":{"self":[{"href":"https:\/\/mobilites-loire-authion.fr\/index.php\/wp-json\/wp\/v2\/pages\/14353"}],"collection":[{"href":"https:\/\/mobilites-loire-authion.fr\/index.php\/wp-json\/wp\/v2\/pages"}],"about":[{"href":"https:\/\/mobilites-loire-authion.fr\/index.php\/wp-json\/wp\/v2\/types\/page"}],"author":[{"embeddable":true,"href":"https:\/\/mobilites-loire-authion.fr\/index.php\/wp-json\/wp\/v2\/users\/2"}],"replies":[{"embeddable":true,"href":"https:\/\/mobilites-loire-authion.fr\/index.php\/wp-json\/wp\/v2\/comments?post=14353"}],"version-history":[{"count":46,"href":"https:\/\/mobilites-loire-authion.fr\/index.php\/wp-json\/wp\/v2\/pages\/14353\/revisions"}],"predecessor-version":[{"id":14451,"href":"https:\/\/mobilites-loire-authion.fr\/index.php\/wp-json\/wp\/v2\/pages\/14353\/revisions\/14451"}],"wp:attachment":[{"href":"https:\/\/mobilites-loire-authion.fr\/index.php\/wp-json\/wp\/v2\/media?parent=14353"}],"curies":[{"name":"wp","href":"https:\/\/api.w.org\/{rel}","templated":true}]}}