{"id":14513,"date":"2022-08-23T09:40:13","date_gmt":"2022-08-23T07:40:13","guid":{"rendered":"https:\/\/mobilites-loire-authion.fr\/?page_id=14513"},"modified":"2022-08-23T10:56:45","modified_gmt":"2022-08-23T08:56:45","slug":"20-novembre-2021-samedi-tous-citoyens","status":"publish","type":"page","link":"https:\/\/mobilites-loire-authion.fr\/index.php\/20-novembre-2021-samedi-tous-citoyens\/","title":{"rendered":"20 novembre 2021 \/\/ Samedi Tous citoyens"},"content":{"rendered":"\t\t<div data-elementor-type=\"wp-page\" data-elementor-id=\"14513\" class=\"elementor elementor-14513\">\n\t\t\t\t\t\t\t\t\t<section class=\"elementor-section elementor-top-section elementor-element elementor-element-d8948c5 elementor-section-boxed elementor-section-height-default elementor-section-height-default\" data-id=\"d8948c5\" data-element_type=\"section\">\n\t\t\t\t\t\t<div class=\"elementor-container elementor-column-gap-default\">\n\t\t\t\t\t<div class=\"elementor-column elementor-col-100 elementor-top-column elementor-element elementor-element-b09a983\" data-id=\"b09a983\" data-element_type=\"column\">\n\t\t\t<div class=\"elementor-widget-wrap elementor-element-populated\">\n\t\t\t\t\t\t\t\t<div class=\"elementor-element elementor-element-815abd0 elementor-widget elementor-widget-spacer\" data-id=\"815abd0\" data-element_type=\"widget\" data-widget_type=\"spacer.default\">\n\t\t\t\t<div class=\"elementor-widget-container\">\n\t\t\t\t\t<div class=\"elementor-spacer\">\n\t\t\t<div class=\"elementor-spacer-inner\"><\/div>\n\t\t<\/div>\n\t\t\t\t<\/div>\n\t\t\t\t<\/div>\n\t\t\t\t<div class=\"elementor-element elementor-element-5d55ed3 elementor-widget elementor-widget-heading\" data-id=\"5d55ed3\" data-element_type=\"widget\" data-widget_type=\"heading.default\">\n\t\t\t\t<div class=\"elementor-widget-container\">\n\t\t\t<h2 class=\"elementor-heading-title elementor-size-medium\">Samedi 20 novembre 2021 \/\/ Samedi Tous Citoyens<\/h2>\t\t<\/div>\n\t\t\t\t<\/div>\n\t\t\t\t<div class=\"elementor-element elementor-element-099e726 elementor-widget elementor-widget-heading\" data-id=\"099e726\" data-element_type=\"widget\" data-widget_type=\"heading.default\">\n\t\t\t\t<div class=\"elementor-widget-container\">\n\t\t\t<h2 class=\"elementor-heading-title elementor-size-large\">Ateliers participatifs sur les mobilit\u00e9s<\/h2>\t\t<\/div>\n\t\t\t\t<\/div>\n\t\t\t\t\t<\/div>\n\t\t<\/div>\n\t\t\t\t\t\t\t<\/div>\n\t\t<\/section>\n\t\t\t\t<section class=\"elementor-section elementor-top-section elementor-element elementor-element-7770d6d elementor-section-boxed elementor-section-height-default elementor-section-height-default\" data-id=\"7770d6d\" data-element_type=\"section\">\n\t\t\t\t\t\t<div class=\"elementor-container elementor-column-gap-default\">\n\t\t\t\t\t<div class=\"elementor-column elementor-col-100 elementor-top-column elementor-element elementor-element-1f8cce0\" data-id=\"1f8cce0\" data-element_type=\"column\">\n\t\t\t<div class=\"elementor-widget-wrap\">\n\t\t\t\t\t\t\t\t\t<\/div>\n\t\t<\/div>\n\t\t\t\t\t\t\t<\/div>\n\t\t<\/section>\n\t\t\t\t<section class=\"elementor-section elementor-top-section elementor-element elementor-element-6ddd6a9 elementor-section-boxed elementor-section-height-default elementor-section-height-default\" data-id=\"6ddd6a9\" data-element_type=\"section\">\n\t\t\t\t\t\t<div class=\"elementor-container elementor-column-gap-default\">\n\t\t\t\t\t<div class=\"elementor-column elementor-col-100 elementor-top-column elementor-element elementor-element-1a0c8f0\" data-id=\"1a0c8f0\" data-element_type=\"column\">\n\t\t\t<div class=\"elementor-widget-wrap elementor-element-populated\">\n\t\t\t\t\t\t\t\t<div class=\"elementor-element elementor-element-f944f5d elementor-widget elementor-widget-text-editor\" data-id=\"f944f5d\" data-element_type=\"widget\" data-widget_type=\"text-editor.default\">\n\t\t\t\t<div class=\"elementor-widget-container\">\n\t\t\t\t\t\t\t<p>Samedi 20 novembre 2021 \u00e0 l\u2019occasion du Samedi Tous Citoyens, les r\u00e9flexions sur les mobilit\u00e9s ont \u00e9t\u00e9 approfondies \u00e0 l\u2019occasion de deux ateliers participatifs.<\/p>\t\t\t\t\t\t<\/div>\n\t\t\t\t<\/div>\n\t\t\t\t<div class=\"elementor-element elementor-element-f51bacd elementor-widget elementor-widget-spacer\" data-id=\"f51bacd\" data-element_type=\"widget\" data-widget_type=\"spacer.default\">\n\t\t\t\t<div class=\"elementor-widget-container\">\n\t\t\t\t\t<div class=\"elementor-spacer\">\n\t\t\t<div class=\"elementor-spacer-inner\"><\/div>\n\t\t<\/div>\n\t\t\t\t<\/div>\n\t\t\t\t<\/div>\n\t\t\t\t\t<\/div>\n\t\t<\/div>\n\t\t\t\t\t\t\t<\/div>\n\t\t<\/section>\n\t\t\t\t<section class=\"elementor-section elementor-top-section elementor-element elementor-element-345a38b elementor-section-boxed elementor-section-height-default elementor-section-height-default\" data-id=\"345a38b\" data-element_type=\"section\">\n\t\t\t\t\t\t<div class=\"elementor-container elementor-column-gap-default\">\n\t\t\t\t\t<div class=\"elementor-column elementor-col-50 elementor-top-column elementor-element elementor-element-bc8e622\" data-id=\"bc8e622\" data-element_type=\"column\">\n\t\t\t<div class=\"elementor-widget-wrap elementor-element-populated\">\n\t\t\t\t\t\t\t\t<div class=\"elementor-element elementor-element-889c40d elementor-widget elementor-widget-spacer\" data-id=\"889c40d\" data-element_type=\"widget\" data-widget_type=\"spacer.default\">\n\t\t\t\t<div class=\"elementor-widget-container\">\n\t\t\t\t\t<div class=\"elementor-spacer\">\n\t\t\t<div class=\"elementor-spacer-inner\"><\/div>\n\t\t<\/div>\n\t\t\t\t<\/div>\n\t\t\t\t<\/div>\n\t\t\t\t<div class=\"elementor-element elementor-element-df0a60d elementor-widget elementor-widget-heading\" data-id=\"df0a60d\" data-element_type=\"widget\" data-widget_type=\"heading.default\">\n\t\t\t\t<div class=\"elementor-widget-container\">\n\t\t\t<h2 class=\"elementor-heading-title elementor-size-default\">Atelier p\u00e9dibus<\/h2>\t\t<\/div>\n\t\t\t\t<\/div>\n\t\t\t\t<div class=\"elementor-element elementor-element-7854909 elementor-widget elementor-widget-spacer\" data-id=\"7854909\" data-element_type=\"widget\" data-widget_type=\"spacer.default\">\n\t\t\t\t<div class=\"elementor-widget-container\">\n\t\t\t\t\t<div class=\"elementor-spacer\">\n\t\t\t<div class=\"elementor-spacer-inner\"><\/div>\n\t\t<\/div>\n\t\t\t\t<\/div>\n\t\t\t\t<\/div>\n\t\t\t\t<div class=\"elementor-element elementor-element-3b94250 elementor-widget elementor-widget-text-editor\" data-id=\"3b94250\" data-element_type=\"widget\" data-widget_type=\"text-editor.default\">\n\t\t\t\t<div class=\"elementor-widget-container\">\n\t\t\t\t\t\t\t<p>Le Pedibus est un syst\u00e8me d\u2019accompagnement des enfants \u00e0 pied \u00e0 l\u2019\u00e9cole, sous la conduite d\u2019un adulte. Convivial, sain, \u00e9conomique et \u00e9cologique, il respecte des horaires, suit un itin\u00e9raire et a ses propres proc\u00e9dures. Il s&#8217;agit d&#8217;un bus \u00e0 pied, organis\u00e9 et g\u00e9r\u00e9 par les parents.<\/p><p><a href=\"https:\/\/mobilites-loire-authion.fr\/wp-content\/uploads\/2022\/08\/TousCitoyensApres-midi_Atelier_pedibus.pdf\">T\u00e9l\u00e9charger la restitution de l&#8217;atelier p\u00e9dibus<\/a><\/p>\t\t\t\t\t\t<\/div>\n\t\t\t\t<\/div>\n\t\t\t\t\t<\/div>\n\t\t<\/div>\n\t\t\t\t<div class=\"elementor-column elementor-col-50 elementor-top-column elementor-element elementor-element-a80b43a\" data-id=\"a80b43a\" data-element_type=\"column\">\n\t\t\t<div class=\"elementor-widget-wrap elementor-element-populated\">\n\t\t\t\t\t\t\t\t<div class=\"elementor-element elementor-element-71f8c97 elementor-widget elementor-widget-image\" data-id=\"71f8c97\" data-element_type=\"widget\" data-widget_type=\"image.default\">\n\t\t\t\t<div class=\"elementor-widget-container\">\n\t\t\t\t\t\t\t\t\t\t\t\t\t\t\t<img src=\"https:\/\/mobilites-loire-authion.fr\/wp-content\/uploads\/elementor\/thumbs\/Pedibus-ptoe7byus4rnbbwpwnjpgodkauoyy616jg3y1ikirm.jpg\" title=\"P\u00e9dibus\" alt=\"P\u00e9dibus\" \/>\t\t\t\t\t\t\t\t\t\t\t\t\t\t\t<\/div>\n\t\t\t\t<\/div>\n\t\t\t\t\t<\/div>\n\t\t<\/div>\n\t\t\t\t\t\t\t<\/div>\n\t\t<\/section>\n\t\t\t\t<section class=\"elementor-section elementor-top-section elementor-element elementor-element-9431ec2 elementor-section-boxed elementor-section-height-default elementor-section-height-default\" data-id=\"9431ec2\" data-element_type=\"section\">\n\t\t\t\t\t\t<div class=\"elementor-container elementor-column-gap-default\">\n\t\t\t\t\t<div class=\"elementor-column elementor-col-100 elementor-top-column elementor-element elementor-element-e195c6d\" data-id=\"e195c6d\" data-element_type=\"column\">\n\t\t\t<div class=\"elementor-widget-wrap elementor-element-populated\">\n\t\t\t\t\t\t\t\t<div class=\"elementor-element elementor-element-81739c8 elementor-widget elementor-widget-spacer\" data-id=\"81739c8\" data-element_type=\"widget\" data-widget_type=\"spacer.default\">\n\t\t\t\t<div class=\"elementor-widget-container\">\n\t\t\t\t\t<div class=\"elementor-spacer\">\n\t\t\t<div class=\"elementor-spacer-inner\"><\/div>\n\t\t<\/div>\n\t\t\t\t<\/div>\n\t\t\t\t<\/div>\n\t\t\t\t\t<\/div>\n\t\t<\/div>\n\t\t\t\t\t\t\t<\/div>\n\t\t<\/section>\n\t\t\t\t<section class=\"elementor-section elementor-top-section elementor-element elementor-element-44dfa3e elementor-section-boxed elementor-section-height-default elementor-section-height-default\" data-id=\"44dfa3e\" data-element_type=\"section\">\n\t\t\t\t\t\t<div class=\"elementor-container elementor-column-gap-default\">\n\t\t\t\t\t<div class=\"elementor-column elementor-col-50 elementor-top-column elementor-element elementor-element-1ada25c\" data-id=\"1ada25c\" data-element_type=\"column\">\n\t\t\t<div class=\"elementor-widget-wrap elementor-element-populated\">\n\t\t\t\t\t\t\t\t<div class=\"elementor-element elementor-element-e3ef9ad elementor-widget elementor-widget-spacer\" data-id=\"e3ef9ad\" data-element_type=\"widget\" data-widget_type=\"spacer.default\">\n\t\t\t\t<div class=\"elementor-widget-container\">\n\t\t\t\t\t<div class=\"elementor-spacer\">\n\t\t\t<div class=\"elementor-spacer-inner\"><\/div>\n\t\t<\/div>\n\t\t\t\t<\/div>\n\t\t\t\t<\/div>\n\t\t\t\t<div class=\"elementor-element elementor-element-fc9d4df elementor-widget elementor-widget-heading\" data-id=\"fc9d4df\" data-element_type=\"widget\" data-widget_type=\"heading.default\">\n\t\t\t\t<div class=\"elementor-widget-container\">\n\t\t\t<h2 class=\"elementor-heading-title elementor-size-default\">Atelier Mobilit\u00e9s intra-muros<\/h2>\t\t<\/div>\n\t\t\t\t<\/div>\n\t\t\t\t<div class=\"elementor-element elementor-element-ae67945 elementor-widget elementor-widget-spacer\" data-id=\"ae67945\" data-element_type=\"widget\" data-widget_type=\"spacer.default\">\n\t\t\t\t<div class=\"elementor-widget-container\">\n\t\t\t\t\t<div class=\"elementor-spacer\">\n\t\t\t<div class=\"elementor-spacer-inner\"><\/div>\n\t\t<\/div>\n\t\t\t\t<\/div>\n\t\t\t\t<\/div>\n\t\t\t\t<div class=\"elementor-element elementor-element-58a8ff3 elementor-widget elementor-widget-text-editor\" data-id=\"58a8ff3\" data-element_type=\"widget\" data-widget_type=\"text-editor.default\">\n\t\t\t\t<div class=\"elementor-widget-container\">\n\t\t\t\t\t\t\t<p>Le transport intra-muros d\u00e9signe les modalit\u00e9s de d\u00e9placement au sein-m\u00eame de Loire-Authion. Comment rejoindre les autres communes d\u00e9l\u00e9gu\u00e9es sans utiliser la voiture ? Quelles sont les contraintes actuelles dans le quotidien des habitants pour acc\u00e9der aux services de proximit\u00e9 et aux commerces par exemple ?<\/p><p><a href=\"https:\/\/mobilites-loire-authion.fr\/wp-content\/uploads\/2022\/08\/TousCitoyensApres-midi_Atelier_mobiliteIntraMuros.pdf\">T\u00e9l\u00e9charger la restitution de l&#8217;atelier sur les mobilit\u00e9s intra-muros<\/a><\/p>\t\t\t\t\t\t<\/div>\n\t\t\t\t<\/div>\n\t\t\t\t\t<\/div>\n\t\t<\/div>\n\t\t\t\t<div class=\"elementor-column elementor-col-50 elementor-top-column elementor-element elementor-element-d125df7\" data-id=\"d125df7\" data-element_type=\"column\">\n\t\t\t<div class=\"elementor-widget-wrap elementor-element-populated\">\n\t\t\t\t\t\t\t\t<div class=\"elementor-element elementor-element-1c30c0b elementor-widget elementor-widget-image\" data-id=\"1c30c0b\" data-element_type=\"widget\" data-widget_type=\"image.default\">\n\t\t\t\t<div class=\"elementor-widget-container\">\n\t\t\t\t\t\t\t\t\t\t\t\t\t\t\t<img src=\"https:\/\/mobilites-loire-authion.fr\/wp-content\/uploads\/elementor\/thumbs\/IMG_20210215_170810-scaled-p49gvs1qfx8fc4ksfz9lgfknk7qod1bgxrc8wictra.jpg\" title=\"Bus \u00e0 Andard\" alt=\"Bus \u00e0 Andard\" \/>\t\t\t\t\t\t\t\t\t\t\t\t\t\t\t<\/div>\n\t\t\t\t<\/div>\n\t\t\t\t\t<\/div>\n\t\t<\/div>\n\t\t\t\t\t\t\t<\/div>\n\t\t<\/section>\n\t\t\t\t\t\t\t<\/div>\n\t\t","protected":false},"excerpt":{"rendered":"<p>Samedi 20 novembre 2021 \/\/ Samedi Tous Citoyens Ateliers participatifs sur les mobilit\u00e9s Samedi 20 novembre 2021 \u00e0 l\u2019occasion du Samedi Tous Citoyens, les r\u00e9flexions sur les mobilit\u00e9s ont \u00e9t\u00e9 approfondies \u00e0 l\u2019occasion de deux ateliers participatifs. Atelier p\u00e9dibus Le Pedibus est un syst\u00e8me d\u2019accompagnement des enfants \u00e0 pied \u00e0 l\u2019\u00e9cole, sous la conduite d\u2019un adulte. Convivial, sain, \u00e9conomique et \u00e9cologique, il respecte des horaires, suit un itin\u00e9raire et a ses propres proc\u00e9dures. Il s&#8217;agit d&#8217;un bus \u00e0 pied, organis\u00e9 et g\u00e9r\u00e9 par les parents. T\u00e9l\u00e9charger la restitution de l&#8217;atelier p\u00e9dibus Atelier Mobilit\u00e9s intra-muros Le transport intra-muros d\u00e9signe les modalit\u00e9s de d\u00e9placement au sein-m\u00eame de Loire-Authion. Comment rejoindre les autres communes d\u00e9l\u00e9gu\u00e9es sans utiliser la voiture ? Quelles sont les contraintes actuelles dans le quotidien des habitants pour acc\u00e9der aux services de proximit\u00e9 et aux commerces par exemple ? T\u00e9l\u00e9charger la restitution de l&#8217;atelier sur les mobilit\u00e9s intra-muros<\/p>\n","protected":false},"author":2,"featured_media":0,"parent":0,"menu_order":0,"comment_status":"closed","ping_status":"closed","template":"","meta":[],"_links":{"self":[{"href":"https:\/\/mobilites-loire-authion.fr\/index.php\/wp-json\/wp\/v2\/pages\/14513"}],"collection":[{"href":"https:\/\/mobilites-loire-authion.fr\/index.php\/wp-json\/wp\/v2\/pages"}],"about":[{"href":"https:\/\/mobilites-loire-authion.fr\/index.php\/wp-json\/wp\/v2\/types\/page"}],"author":[{"embeddable":true,"href":"https:\/\/mobilites-loire-authion.fr\/index.php\/wp-json\/wp\/v2\/users\/2"}],"replies":[{"embeddable":true,"href":"https:\/\/mobilites-loire-authion.fr\/index.php\/wp-json\/wp\/v2\/comments?post=14513"}],"version-history":[{"count":9,"href":"https:\/\/mobilites-loire-authion.fr\/index.php\/wp-json\/wp\/v2\/pages\/14513\/revisions"}],"predecessor-version":[{"id":14572,"href":"https:\/\/mobilites-loire-authion.fr\/index.php\/wp-json\/wp\/v2\/pages\/14513\/revisions\/14572"}],"wp:attachment":[{"href":"https:\/\/mobilites-loire-authion.fr\/index.php\/wp-json\/wp\/v2\/media?parent=14513"}],"curies":[{"name":"wp","href":"https:\/\/api.w.org\/{rel}","templated":true}]}}