{"id":14556,"date":"2022-08-23T10:49:54","date_gmt":"2022-08-23T08:49:54","guid":{"rendered":"https:\/\/mobilites-loire-authion.fr\/?page_id=14556"},"modified":"2022-08-23T10:54:28","modified_gmt":"2022-08-23T08:54:28","slug":"26-novembre-2022-samedi-tous-citoyens","status":"publish","type":"page","link":"https:\/\/mobilites-loire-authion.fr\/index.php\/26-novembre-2022-samedi-tous-citoyens\/","title":{"rendered":"26 novembre 2022 \/\/ Samedi Tous Citoyens"},"content":{"rendered":"\t\t<div data-elementor-type=\"wp-page\" data-elementor-id=\"14556\" class=\"elementor elementor-14556\">\n\t\t\t\t\t\t\t\t\t<section class=\"elementor-section elementor-top-section elementor-element elementor-element-fff5254 elementor-section-boxed elementor-section-height-default elementor-section-height-default\" data-id=\"fff5254\" data-element_type=\"section\">\n\t\t\t\t\t\t<div class=\"elementor-container elementor-column-gap-default\">\n\t\t\t\t\t<div class=\"elementor-column elementor-col-100 elementor-top-column elementor-element elementor-element-82bafc7\" data-id=\"82bafc7\" data-element_type=\"column\">\n\t\t\t<div class=\"elementor-widget-wrap elementor-element-populated\">\n\t\t\t\t\t\t\t\t<div class=\"elementor-element elementor-element-d78abc5 elementor-widget elementor-widget-spacer\" data-id=\"d78abc5\" data-element_type=\"widget\" data-widget_type=\"spacer.default\">\n\t\t\t\t<div class=\"elementor-widget-container\">\n\t\t\t\t\t<div class=\"elementor-spacer\">\n\t\t\t<div class=\"elementor-spacer-inner\"><\/div>\n\t\t<\/div>\n\t\t\t\t<\/div>\n\t\t\t\t<\/div>\n\t\t\t\t<div class=\"elementor-element elementor-element-36597ec elementor-widget elementor-widget-heading\" data-id=\"36597ec\" data-element_type=\"widget\" data-widget_type=\"heading.default\">\n\t\t\t\t<div class=\"elementor-widget-container\">\n\t\t\t<h2 class=\"elementor-heading-title elementor-size-medium\">Samedi 26 novembre 2022 \/\/ Samedi Tous Citoyens<\/h2>\t\t<\/div>\n\t\t\t\t<\/div>\n\t\t\t\t<div class=\"elementor-element elementor-element-932c1c5 elementor-widget elementor-widget-heading\" data-id=\"932c1c5\" data-element_type=\"widget\" data-widget_type=\"heading.default\">\n\t\t\t\t<div class=\"elementor-widget-container\">\n\t\t\t<h2 class=\"elementor-heading-title elementor-size-xl\">Ateliers participatifs sur les mobilit\u00e9s<\/h2>\t\t<\/div>\n\t\t\t\t<\/div>\n\t\t\t\t<div class=\"elementor-element elementor-element-8abde15 elementor-widget elementor-widget-spacer\" data-id=\"8abde15\" data-element_type=\"widget\" data-widget_type=\"spacer.default\">\n\t\t\t\t<div class=\"elementor-widget-container\">\n\t\t\t\t\t<div class=\"elementor-spacer\">\n\t\t\t<div class=\"elementor-spacer-inner\"><\/div>\n\t\t<\/div>\n\t\t\t\t<\/div>\n\t\t\t\t<\/div>\n\t\t\t\t\t<\/div>\n\t\t<\/div>\n\t\t\t\t\t\t\t<\/div>\n\t\t<\/section>\n\t\t\t\t<section class=\"elementor-section elementor-top-section elementor-element elementor-element-a44507c elementor-section-boxed elementor-section-height-default elementor-section-height-default\" data-id=\"a44507c\" data-element_type=\"section\">\n\t\t\t\t\t\t<div class=\"elementor-container elementor-column-gap-default\">\n\t\t\t\t\t<div class=\"elementor-column elementor-col-50 elementor-top-column elementor-element elementor-element-e6b2ea4\" data-id=\"e6b2ea4\" data-element_type=\"column\">\n\t\t\t<div class=\"elementor-widget-wrap elementor-element-populated\">\n\t\t\t\t\t\t\t\t<div class=\"elementor-element elementor-element-6302432 elementor-widget elementor-widget-heading\" data-id=\"6302432\" data-element_type=\"widget\" data-widget_type=\"heading.default\">\n\t\t\t\t<div class=\"elementor-widget-container\">\n\t\t\t<h2 class=\"elementor-heading-title elementor-size-large\">SAVE THE DATE !<\/h2>\t\t<\/div>\n\t\t\t\t<\/div>\n\t\t\t\t<div class=\"elementor-element elementor-element-d035607 elementor-widget elementor-widget-spacer\" data-id=\"d035607\" data-element_type=\"widget\" data-widget_type=\"spacer.default\">\n\t\t\t\t<div class=\"elementor-widget-container\">\n\t\t\t\t\t<div class=\"elementor-spacer\">\n\t\t\t<div class=\"elementor-spacer-inner\"><\/div>\n\t\t<\/div>\n\t\t\t\t<\/div>\n\t\t\t\t<\/div>\n\t\t\t\t<div class=\"elementor-element elementor-element-c899513 elementor-widget elementor-widget-text-editor\" data-id=\"c899513\" data-element_type=\"widget\" data-widget_type=\"text-editor.default\">\n\t\t\t\t<div class=\"elementor-widget-container\">\n\t\t\t\t\t\t\t<p><strong><span dir=\"ltr\" role=\"presentation\">Samedi 26 novembre matin<\/span><\/strong><br role=\"presentation\" \/><strong><span dir=\"ltr\" role=\"presentation\">De 9h \u00e0 13h, Espace du S\u00e9quoia, rue Tivoli, Corn\u00e9.<\/span><\/strong><\/p><p><span dir=\"ltr\" role=\"presentation\">Un<\/span> <span dir=\"ltr\" role=\"presentation\">temps<\/span> <span dir=\"ltr\" role=\"presentation\">convivial,<\/span> <span dir=\"ltr\" role=\"presentation\">o\u00f9<\/span> <span dir=\"ltr\" role=\"presentation\">alterneront<\/span> <span dir=\"ltr\" role=\"presentation\">animations,<\/span><br role=\"presentation\" \/><span dir=\"ltr\" role=\"presentation\">ateliers et pr\u00e9sentations. Ce rendez-vous annuel<\/span><br role=\"presentation\" \/><span dir=\"ltr\" role=\"presentation\">de la citoyennet\u00e9 \u00e0 Loire-Authion sera l\u2019occasion<\/span><br role=\"presentation\" \/><span dir=\"ltr\" role=\"presentation\">d\u2019aborder<\/span> <span dir=\"ltr\" role=\"presentation\">des<\/span> <span dir=\"ltr\" role=\"presentation\">th\u00e9matiques<\/span> <span dir=\"ltr\" role=\"presentation\">diverses<\/span> <span dir=\"ltr\" role=\"presentation\">dont la <\/span><span dir=\"ltr\" role=\"presentation\">mobilit\u00e9<\/span>.<\/p><p>Programme d\u00e9taill\u00e9 \u00e0 venir.<\/p>\t\t\t\t\t\t<\/div>\n\t\t\t\t<\/div>\n\t\t\t\t\t<\/div>\n\t\t<\/div>\n\t\t\t\t<div class=\"elementor-column elementor-col-50 elementor-top-column elementor-element elementor-element-2488cf0\" data-id=\"2488cf0\" data-element_type=\"column\">\n\t\t\t<div class=\"elementor-widget-wrap elementor-element-populated\">\n\t\t\t\t\t\t\t\t<div class=\"elementor-element elementor-element-8c89979 elementor-widget elementor-widget-spacer\" data-id=\"8c89979\" data-element_type=\"widget\" data-widget_type=\"spacer.default\">\n\t\t\t\t<div class=\"elementor-widget-container\">\n\t\t\t\t\t<div class=\"elementor-spacer\">\n\t\t\t<div class=\"elementor-spacer-inner\"><\/div>\n\t\t<\/div>\n\t\t\t\t<\/div>\n\t\t\t\t<\/div>\n\t\t\t\t<div class=\"elementor-element elementor-element-ad148eb elementor-widget elementor-widget-image\" data-id=\"ad148eb\" data-element_type=\"widget\" data-widget_type=\"image.default\">\n\t\t\t\t<div class=\"elementor-widget-container\">\n\t\t\t\t\t\t\t\t\t\t\t\t\t\t\t<img width=\"626\" height=\"329\" src=\"https:\/\/mobilites-loire-authion.fr\/wp-content\/uploads\/2022\/08\/gens-multiculturels-debout-ensemble_74855-6583.jpg\" class=\"attachment-large size-large\" alt=\"\" loading=\"lazy\" srcset=\"https:\/\/mobilites-loire-authion.fr\/wp-content\/uploads\/2022\/08\/gens-multiculturels-debout-ensemble_74855-6583.jpg 626w, https:\/\/mobilites-loire-authion.fr\/wp-content\/uploads\/2022\/08\/gens-multiculturels-debout-ensemble_74855-6583-300x158.jpg 300w\" sizes=\"(max-width: 626px) 100vw, 626px\" \/>\t\t\t\t\t\t\t\t\t\t\t\t\t\t\t<\/div>\n\t\t\t\t<\/div>\n\t\t\t\t\t<\/div>\n\t\t<\/div>\n\t\t\t\t\t\t\t<\/div>\n\t\t<\/section>\n\t\t\t\t\t\t\t<\/div>\n\t\t","protected":false},"excerpt":{"rendered":"<p>Samedi 26 novembre 2022 \/\/ Samedi Tous Citoyens Ateliers participatifs sur les mobilit\u00e9s SAVE THE DATE ! Samedi 26 novembre matinDe 9h \u00e0 13h, Espace du S\u00e9quoia, rue Tivoli, Corn\u00e9. Un temps convivial, o\u00f9 alterneront animations,ateliers et pr\u00e9sentations. Ce rendez-vous annuelde la citoyennet\u00e9 \u00e0 Loire-Authion sera l\u2019occasiond\u2019aborder des th\u00e9matiques diverses dont la mobilit\u00e9. Programme d\u00e9taill\u00e9 \u00e0 venir.<\/p>\n","protected":false},"author":2,"featured_media":0,"parent":0,"menu_order":0,"comment_status":"closed","ping_status":"closed","template":"","meta":[],"_links":{"self":[{"href":"https:\/\/mobilites-loire-authion.fr\/index.php\/wp-json\/wp\/v2\/pages\/14556"}],"collection":[{"href":"https:\/\/mobilites-loire-authion.fr\/index.php\/wp-json\/wp\/v2\/pages"}],"about":[{"href":"https:\/\/mobilites-loire-authion.fr\/index.php\/wp-json\/wp\/v2\/types\/page"}],"author":[{"embeddable":true,"href":"https:\/\/mobilites-loire-authion.fr\/index.php\/wp-json\/wp\/v2\/users\/2"}],"replies":[{"embeddable":true,"href":"https:\/\/mobilites-loire-authion.fr\/index.php\/wp-json\/wp\/v2\/comments?post=14556"}],"version-history":[{"count":6,"href":"https:\/\/mobilites-loire-authion.fr\/index.php\/wp-json\/wp\/v2\/pages\/14556\/revisions"}],"predecessor-version":[{"id":14566,"href":"https:\/\/mobilites-loire-authion.fr\/index.php\/wp-json\/wp\/v2\/pages\/14556\/revisions\/14566"}],"wp:attachment":[{"href":"https:\/\/mobilites-loire-authion.fr\/index.php\/wp-json\/wp\/v2\/media?parent=14556"}],"curies":[{"name":"wp","href":"https:\/\/api.w.org\/{rel}","templated":true}]}}