{"id":14586,"date":"2022-08-23T11:09:22","date_gmt":"2022-08-23T09:09:22","guid":{"rendered":"https:\/\/mobilites-loire-authion.fr\/?page_id=14586"},"modified":"2023-09-15T10:51:31","modified_gmt":"2023-09-15T08:51:31","slug":"carte-mobilites","status":"publish","type":"page","link":"https:\/\/mobilites-loire-authion.fr\/index.php\/carte-mobilites\/","title":{"rendered":"Carte mobilit\u00e9s"},"content":{"rendered":"\t\t<div data-elementor-type=\"wp-page\" data-elementor-id=\"14586\" class=\"elementor elementor-14586\">\n\t\t\t\t\t\t\t\t\t<section class=\"elementor-section elementor-top-section elementor-element elementor-element-3aeca85 elementor-section-boxed elementor-section-height-default elementor-section-height-default\" data-id=\"3aeca85\" data-element_type=\"section\">\n\t\t\t\t\t\t<div class=\"elementor-container elementor-column-gap-default\">\n\t\t\t\t\t<div class=\"elementor-column elementor-col-100 elementor-top-column elementor-element elementor-element-991988a\" data-id=\"991988a\" data-element_type=\"column\">\n\t\t\t<div class=\"elementor-widget-wrap elementor-element-populated\">\n\t\t\t\t\t\t\t\t<div class=\"elementor-element elementor-element-2fd79f5 elementor-widget elementor-widget-spacer\" data-id=\"2fd79f5\" data-element_type=\"widget\" data-widget_type=\"spacer.default\">\n\t\t\t\t<div class=\"elementor-widget-container\">\n\t\t\t\t\t<div class=\"elementor-spacer\">\n\t\t\t<div class=\"elementor-spacer-inner\"><\/div>\n\t\t<\/div>\n\t\t\t\t<\/div>\n\t\t\t\t<\/div>\n\t\t\t\t<div class=\"elementor-element elementor-element-5bc2396 elementor-widget elementor-widget-heading\" data-id=\"5bc2396\" data-element_type=\"widget\" data-widget_type=\"heading.default\">\n\t\t\t\t<div class=\"elementor-widget-container\">\n\t\t\t<h2 class=\"elementor-heading-title elementor-size-xxl\">Carte mobilit\u00e9s 2023 - 2024<\/h2>\t\t<\/div>\n\t\t\t\t<\/div>\n\t\t\t\t<div class=\"elementor-element elementor-element-f5bf0f8 elementor-widget elementor-widget-spacer\" data-id=\"f5bf0f8\" data-element_type=\"widget\" data-widget_type=\"spacer.default\">\n\t\t\t\t<div class=\"elementor-widget-container\">\n\t\t\t\t\t<div class=\"elementor-spacer\">\n\t\t\t<div class=\"elementor-spacer-inner\"><\/div>\n\t\t<\/div>\n\t\t\t\t<\/div>\n\t\t\t\t<\/div>\n\t\t\t\t\t<\/div>\n\t\t<\/div>\n\t\t\t\t\t\t\t<\/div>\n\t\t<\/section>\n\t\t\t\t<section class=\"elementor-section elementor-top-section elementor-element elementor-element-ec442af elementor-section-boxed elementor-section-height-default elementor-section-height-default\" data-id=\"ec442af\" data-element_type=\"section\">\n\t\t\t\t\t\t<div class=\"elementor-container elementor-column-gap-default\">\n\t\t\t\t\t<div class=\"elementor-column elementor-col-50 elementor-top-column elementor-element elementor-element-2eff3b4\" data-id=\"2eff3b4\" data-element_type=\"column\">\n\t\t\t<div class=\"elementor-widget-wrap elementor-element-populated\">\n\t\t\t\t\t\t\t\t<div class=\"elementor-element elementor-element-663ee88 elementor-widget elementor-widget-text-editor\" data-id=\"663ee88\" data-element_type=\"widget\" data-widget_type=\"text-editor.default\">\n\t\t\t\t<div class=\"elementor-widget-container\">\n\t\t\t\t\t\t\t<p>Depuis 2021, Loire-Authion \u00e9dite chaque ann\u00e9e une carte des mobilit\u00e9s \u00e0 l\u2019\u00e9chelle de son territoire.<\/p><p>D\u2019un seul coup d\u2019\u0153il, retrouvez les lignes, arr\u00eats et horaires de bus et de train \u00e0 Loire-Authion. Les circuits v\u00e9lo et pistes cyclables \u00e0 usage utilitaire (d\u00e9placements quotidiens, hors loisirs et tourisme) sont \u00e9galement r\u00e9f\u00e9renc\u00e9s.<\/p><p><a href=\"https:\/\/mobilites-loire-authion.fr\/wp-content\/uploads\/2023\/09\/Carte-mobilites_2023_finale_print.pdf\">T\u00e9l\u00e9charger la carte mobilit\u00e9s 2023 &#8211; 2024<\/a><\/p>\t\t\t\t\t\t<\/div>\n\t\t\t\t<\/div>\n\t\t\t\t\t<\/div>\n\t\t<\/div>\n\t\t\t\t<div class=\"elementor-column elementor-col-50 elementor-top-column elementor-element elementor-element-bf3adaf\" data-id=\"bf3adaf\" data-element_type=\"column\">\n\t\t\t<div class=\"elementor-widget-wrap elementor-element-populated\">\n\t\t\t\t\t\t\t\t<div class=\"elementor-element elementor-element-729c958 elementor-widget elementor-widget-image\" data-id=\"729c958\" data-element_type=\"widget\" data-widget_type=\"image.default\">\n\t\t\t\t<div class=\"elementor-widget-container\">\n\t\t\t\t\t\t\t\t\t\t\t\t\t\t\t<img width=\"577\" height=\"449\" src=\"https:\/\/mobilites-loire-authion.fr\/wp-content\/uploads\/2023\/09\/Carte-mobilites_2023_finale4.png\" class=\"attachment-medium_large size-medium_large\" alt=\"\" loading=\"lazy\" srcset=\"https:\/\/mobilites-loire-authion.fr\/wp-content\/uploads\/2023\/09\/Carte-mobilites_2023_finale4.png 577w, https:\/\/mobilites-loire-authion.fr\/wp-content\/uploads\/2023\/09\/Carte-mobilites_2023_finale4-300x233.png 300w\" sizes=\"(max-width: 577px) 100vw, 577px\" \/>\t\t\t\t\t\t\t\t\t\t\t\t\t\t\t<\/div>\n\t\t\t\t<\/div>\n\t\t\t\t\t<\/div>\n\t\t<\/div>\n\t\t\t\t\t\t\t<\/div>\n\t\t<\/section>\n\t\t\t\t\t\t\t<\/div>\n\t\t","protected":false},"excerpt":{"rendered":"<p>Carte mobilit\u00e9s 2023 &#8211; 2024 Depuis 2021, Loire-Authion \u00e9dite chaque ann\u00e9e une carte des mobilit\u00e9s \u00e0 l\u2019\u00e9chelle de son territoire. D\u2019un seul coup d\u2019\u0153il, retrouvez les lignes, arr\u00eats et horaires de bus et de train \u00e0 Loire-Authion. Les circuits v\u00e9lo et pistes cyclables \u00e0 usage utilitaire (d\u00e9placements quotidiens, hors loisirs et tourisme) sont \u00e9galement r\u00e9f\u00e9renc\u00e9s. T\u00e9l\u00e9charger la carte mobilit\u00e9s 2023 &#8211; 2024<\/p>\n","protected":false},"author":2,"featured_media":0,"parent":0,"menu_order":0,"comment_status":"closed","ping_status":"closed","template":"","meta":[],"_links":{"self":[{"href":"https:\/\/mobilites-loire-authion.fr\/index.php\/wp-json\/wp\/v2\/pages\/14586"}],"collection":[{"href":"https:\/\/mobilites-loire-authion.fr\/index.php\/wp-json\/wp\/v2\/pages"}],"about":[{"href":"https:\/\/mobilites-loire-authion.fr\/index.php\/wp-json\/wp\/v2\/types\/page"}],"author":[{"embeddable":true,"href":"https:\/\/mobilites-loire-authion.fr\/index.php\/wp-json\/wp\/v2\/users\/2"}],"replies":[{"embeddable":true,"href":"https:\/\/mobilites-loire-authion.fr\/index.php\/wp-json\/wp\/v2\/comments?post=14586"}],"version-history":[{"count":9,"href":"https:\/\/mobilites-loire-authion.fr\/index.php\/wp-json\/wp\/v2\/pages\/14586\/revisions"}],"predecessor-version":[{"id":14625,"href":"https:\/\/mobilites-loire-authion.fr\/index.php\/wp-json\/wp\/v2\/pages\/14586\/revisions\/14625"}],"wp:attachment":[{"href":"https:\/\/mobilites-loire-authion.fr\/index.php\/wp-json\/wp\/v2\/media?parent=14586"}],"curies":[{"name":"wp","href":"https:\/\/api.w.org\/{rel}","templated":true}]}}